{"id":19574,"date":"2020-11-18T11:02:41","date_gmt":"2020-11-18T10:02:41","guid":{"rendered":"https:\/\/www.arantzagorostidi.com\/fr\/?post_type=product&#038;p=19574"},"modified":"2020-11-18T12:31:44","modified_gmt":"2020-11-18T11:31:44","slug":"bague-mediterraine2","status":"publish","type":"product","link":"https:\/\/www.arantzagorostidi.com\/fr\/product\/bague-mediterraine2\/","title":{"rendered":"BAGUE MEDITERRAINE."},"content":{"rendered":"","protected":false},"excerpt":{"rendered":"<p>Joie et originalit\u00e9, inspir\u00e9es du bleu intense de la M\u00e9diterran\u00e9e. Pour une main ferme avec de la personnalit\u00e9.<\/p>\n<p>Description: Argent sterling (925 mm) Topaze bleue 10 mm x 8 mm \/ 6 spinelles 1,5 mm<\/p>\n<p>Poids: 6,3 grs Taille: 20\/21 Largeur: 2, 3 cms Hauteur: 3,2 cms<\/p>\n","protected":false},"featured_media":19028,"comment_status":"open","ping_status":"closed","template":"","meta":[],"product_cat":[153,160,169,172],"product_tag":[],"_links":{"self":[{"href":"https:\/\/www.arantzagorostidi.com\/fr\/wp-json\/wp\/v2\/product\/19574"}],"collection":[{"href":"https:\/\/www.arantzagorostidi.com\/fr\/wp-json\/wp\/v2\/product"}],"about":[{"href":"https:\/\/www.arantzagorostidi.com\/fr\/wp-json\/wp\/v2\/types\/product"}],"replies":[{"embeddable":true,"href":"https:\/\/www.arantzagorostidi.com\/fr\/wp-json\/wp\/v2\/comments?post=19574"}],"wp:featuredmedia":[{"embeddable":true,"href":"https:\/\/www.arantzagorostidi.com\/fr\/wp-json\/wp\/v2\/media\/19028"}],"wp:attachment":[{"href":"https:\/\/www.arantzagorostidi.com\/fr\/wp-json\/wp\/v2\/media?parent=19574"}],"wp:term":[{"taxonomy":"product_cat","embeddable":true,"href":"https:\/\/www.arantzagorostidi.com\/fr\/wp-json\/wp\/v2\/product_cat?post=19574"},{"taxonomy":"product_tag","embeddable":true,"href":"https:\/\/www.arantzagorostidi.com\/fr\/wp-json\/wp\/v2\/product_tag?post=19574"}],"curies":[{"name":"wp","href":"https:\/\/api.w.org\/{rel}","templated":true}]}}