{"id":19568,"date":"2020-11-18T10:19:54","date_gmt":"2020-11-18T09:19:54","guid":{"rendered":"https:\/\/www.arantzagorostidi.com\/fr\/?post_type=product&#038;p=19568"},"modified":"2020-11-18T11:38:48","modified_gmt":"2020-11-18T10:38:48","slug":"boucles-doreille-mediterraine-2","status":"publish","type":"product","link":"https:\/\/www.arantzagorostidi.com\/fr\/product\/boucles-doreille-mediterraine-2\/","title":{"rendered":"BOUCLES D\u2019OREILLE MEDITERRAINE"},"content":{"rendered":"","protected":false},"excerpt":{"rendered":"<p>Des \u00e9clairs de lumi\u00e8re bleue sur votre visage.<\/p>\n<p>Lieu de d\u00e9part, lieu d&rsquo;arriv\u00e9e, mais toujours l\u00e0, bleu, en attente. Des chemins inspirants et aussi cet ensemble.<\/p>\n<p>Description: Argent 925. Topaze bleue 10x8x6 mm. 6 zircons bleus. Poids 3,3 grs chacun. Longueur 7 cm. Largeur 6\/8 mm. Hauteur 6\/8 mm.<\/p>\n","protected":false},"featured_media":19544,"comment_status":"open","ping_status":"closed","template":"","meta":[],"product_cat":[159,160,169,172],"product_tag":[],"_links":{"self":[{"href":"https:\/\/www.arantzagorostidi.com\/fr\/wp-json\/wp\/v2\/product\/19568"}],"collection":[{"href":"https:\/\/www.arantzagorostidi.com\/fr\/wp-json\/wp\/v2\/product"}],"about":[{"href":"https:\/\/www.arantzagorostidi.com\/fr\/wp-json\/wp\/v2\/types\/product"}],"replies":[{"embeddable":true,"href":"https:\/\/www.arantzagorostidi.com\/fr\/wp-json\/wp\/v2\/comments?post=19568"}],"wp:featuredmedia":[{"embeddable":true,"href":"https:\/\/www.arantzagorostidi.com\/fr\/wp-json\/wp\/v2\/media\/19544"}],"wp:attachment":[{"href":"https:\/\/www.arantzagorostidi.com\/fr\/wp-json\/wp\/v2\/media?parent=19568"}],"wp:term":[{"taxonomy":"product_cat","embeddable":true,"href":"https:\/\/www.arantzagorostidi.com\/fr\/wp-json\/wp\/v2\/product_cat?post=19568"},{"taxonomy":"product_tag","embeddable":true,"href":"https:\/\/www.arantzagorostidi.com\/fr\/wp-json\/wp\/v2\/product_tag?post=19568"}],"curies":[{"name":"wp","href":"https:\/\/api.w.org\/{rel}","templated":true}]}}