{"id":18112,"date":"2015-07-17T12:15:25","date_gmt":"2015-11-17T11:15:25","guid":{"rendered":"http:\/\/joyasag.ibd.es\/?product=bague-bracelet-petales-de-fleur"},"modified":"2020-11-17T09:24:31","modified_gmt":"2020-11-17T08:24:31","slug":"bague-bracelet-petales-de-fleur","status":"publish","type":"product","link":"https:\/\/www.arantzagorostidi.com\/fr\/product\/bague-bracelet-petales-de-fleur\/","title":{"rendered":"Bague Bracelet  Petales de Fleur"},"content":{"rendered":"","protected":false},"excerpt":{"rendered":"<p><strong>Chic et sophistiqu\u00e9e, tu deviendras la seule!<\/strong><\/p>\n<p>C\u2019est un ensemble r\u00e9alis\u00e9 \u00e0 partir de la fabrication d\u2019un eslabon et sa r\u00e9p\u00e9tition pour arriver \u00e0 composer les bijoux.<\/p>\n<p>Description: Argent 925. Poids 14.5 grs. Taille 17\/18. Contour du poignet 16.5 cms, en ajoutant des eslabons, ce contour peut \u00eatre \u00e9largi.<\/p>\n","protected":false},"featured_media":18015,"comment_status":"open","ping_status":"closed","template":"","meta":[],"product_cat":[153,160,164,168],"product_tag":[],"_links":{"self":[{"href":"https:\/\/www.arantzagorostidi.com\/fr\/wp-json\/wp\/v2\/product\/18112"}],"collection":[{"href":"https:\/\/www.arantzagorostidi.com\/fr\/wp-json\/wp\/v2\/product"}],"about":[{"href":"https:\/\/www.arantzagorostidi.com\/fr\/wp-json\/wp\/v2\/types\/product"}],"replies":[{"embeddable":true,"href":"https:\/\/www.arantzagorostidi.com\/fr\/wp-json\/wp\/v2\/comments?post=18112"}],"wp:featuredmedia":[{"embeddable":true,"href":"https:\/\/www.arantzagorostidi.com\/fr\/wp-json\/wp\/v2\/media\/18015"}],"wp:attachment":[{"href":"https:\/\/www.arantzagorostidi.com\/fr\/wp-json\/wp\/v2\/media?parent=18112"}],"wp:term":[{"taxonomy":"product_cat","embeddable":true,"href":"https:\/\/www.arantzagorostidi.com\/fr\/wp-json\/wp\/v2\/product_cat?post=18112"},{"taxonomy":"product_tag","embeddable":true,"href":"https:\/\/www.arantzagorostidi.com\/fr\/wp-json\/wp\/v2\/product_tag?post=18112"}],"curies":[{"name":"wp","href":"https:\/\/api.w.org\/{rel}","templated":true}]}}