{"id":18096,"date":"2015-07-17T12:21:41","date_gmt":"2015-11-17T11:21:41","guid":{"rendered":"http:\/\/joyasag.ibd.es\/?product=colier-petales-de-fleur"},"modified":"2020-11-17T09:22:49","modified_gmt":"2020-11-17T08:22:49","slug":"colier-petales-de-fleur","status":"publish","type":"product","link":"https:\/\/www.arantzagorostidi.com\/fr\/product\/colier-petales-de-fleur\/","title":{"rendered":"Colier Petales de Fleur"},"content":{"rendered":"","protected":false},"excerpt":{"rendered":"<p><strong>Une touche exotique et \u00e9l\u00e9gante<\/strong><\/p>\n<p>C\u2019est un ensemble r\u00e9alis\u00e9 \u00e0 partir de la fabrication d\u2019un eslabon et sa r\u00e9p\u00e9tition pour arriver \u00e0 composer les bijoux.<\/p>\n<p>Description: Argent 925. Poids 18 grs. Longueur 68 cms. Possibilit\u00e9 de le faire plus ou moins longue sur commande. Largeur d\u2019eslabon 6 mm.<\/p>\n","protected":false},"featured_media":18040,"comment_status":"open","ping_status":"closed","template":"","meta":[],"product_cat":[156,160,164,168],"product_tag":[],"_links":{"self":[{"href":"https:\/\/www.arantzagorostidi.com\/fr\/wp-json\/wp\/v2\/product\/18096"}],"collection":[{"href":"https:\/\/www.arantzagorostidi.com\/fr\/wp-json\/wp\/v2\/product"}],"about":[{"href":"https:\/\/www.arantzagorostidi.com\/fr\/wp-json\/wp\/v2\/types\/product"}],"replies":[{"embeddable":true,"href":"https:\/\/www.arantzagorostidi.com\/fr\/wp-json\/wp\/v2\/comments?post=18096"}],"wp:featuredmedia":[{"embeddable":true,"href":"https:\/\/www.arantzagorostidi.com\/fr\/wp-json\/wp\/v2\/media\/18040"}],"wp:attachment":[{"href":"https:\/\/www.arantzagorostidi.com\/fr\/wp-json\/wp\/v2\/media?parent=18096"}],"wp:term":[{"taxonomy":"product_cat","embeddable":true,"href":"https:\/\/www.arantzagorostidi.com\/fr\/wp-json\/wp\/v2\/product_cat?post=18096"},{"taxonomy":"product_tag","embeddable":true,"href":"https:\/\/www.arantzagorostidi.com\/fr\/wp-json\/wp\/v2\/product_tag?post=18096"}],"curies":[{"name":"wp","href":"https:\/\/api.w.org\/{rel}","templated":true}]}}