{"id":18090,"date":"2015-07-20T12:17:10","date_gmt":"2015-11-20T11:17:10","guid":{"rendered":"http:\/\/joyasag.ibd.es\/?product=boucles-doreille-orchidees"},"modified":"2020-11-17T10:16:41","modified_gmt":"2020-11-17T09:16:41","slug":"boucles-doreille-orchidees","status":"publish","type":"product","link":"https:\/\/www.arantzagorostidi.com\/fr\/product\/boucles-doreille-orchidees\/","title":{"rendered":"Boucles d\u2019oreille Orchidees"},"content":{"rendered":"","protected":false},"excerpt":{"rendered":"<p><strong>Dynamisme et mouvement pour ton look<\/strong><\/p>\n<p>Cet ensemble r\u00e9sultant de la synth\u00e8se en lignes asym\u00e9triques des formes complexes d&rsquo;orchid\u00e9es.<\/p>\n<p>Description: Argent 925. Poids 2.8 gr chacune. Longueur 8.3 cm. Largeur 2.7 cm. Possibilit\u00e9 du changement de la fermeture et r\u00e9duction du longueur sur commande.<\/p>\n","protected":false},"featured_media":18050,"comment_status":"open","ping_status":"closed","template":"","meta":[],"product_cat":[159,160,164,165],"product_tag":[],"_links":{"self":[{"href":"https:\/\/www.arantzagorostidi.com\/fr\/wp-json\/wp\/v2\/product\/18090"}],"collection":[{"href":"https:\/\/www.arantzagorostidi.com\/fr\/wp-json\/wp\/v2\/product"}],"about":[{"href":"https:\/\/www.arantzagorostidi.com\/fr\/wp-json\/wp\/v2\/types\/product"}],"replies":[{"embeddable":true,"href":"https:\/\/www.arantzagorostidi.com\/fr\/wp-json\/wp\/v2\/comments?post=18090"}],"wp:featuredmedia":[{"embeddable":true,"href":"https:\/\/www.arantzagorostidi.com\/fr\/wp-json\/wp\/v2\/media\/18050"}],"wp:attachment":[{"href":"https:\/\/www.arantzagorostidi.com\/fr\/wp-json\/wp\/v2\/media?parent=18090"}],"wp:term":[{"taxonomy":"product_cat","embeddable":true,"href":"https:\/\/www.arantzagorostidi.com\/fr\/wp-json\/wp\/v2\/product_cat?post=18090"},{"taxonomy":"product_tag","embeddable":true,"href":"https:\/\/www.arantzagorostidi.com\/fr\/wp-json\/wp\/v2\/product_tag?post=18090"}],"curies":[{"name":"wp","href":"https:\/\/api.w.org\/{rel}","templated":true}]}}