{"id":18087,"date":"2015-07-17T10:03:05","date_gmt":"2015-11-17T09:03:05","guid":{"rendered":"http:\/\/joyasag.ibd.es\/?product=bague-orchidees"},"modified":"2020-11-17T09:30:52","modified_gmt":"2020-11-17T08:30:52","slug":"bague-orchidees","status":"publish","type":"product","link":"https:\/\/www.arantzagorostidi.com\/fr\/product\/bague-orchidees\/","title":{"rendered":"Bague Orchidees"},"content":{"rendered":"","protected":false},"excerpt":{"rendered":"<p><strong>Du vrai design dans ta main<\/strong><\/p>\n<p>Cet ensemble r\u00e9sultant de la synth\u00e8se en lignes asym\u00e9triques des formes complexes d&rsquo;orchid\u00e9es.<\/p>\n<p>Description: Argent 925. Poids 8 gr. Taille 18\/19. Largeur 2.4 cm. Longueur 2.5 cm.<\/p>\n","protected":false},"featured_media":17970,"comment_status":"open","ping_status":"closed","template":"","meta":[],"product_cat":[153,160,164,165],"product_tag":[],"_links":{"self":[{"href":"https:\/\/www.arantzagorostidi.com\/fr\/wp-json\/wp\/v2\/product\/18087"}],"collection":[{"href":"https:\/\/www.arantzagorostidi.com\/fr\/wp-json\/wp\/v2\/product"}],"about":[{"href":"https:\/\/www.arantzagorostidi.com\/fr\/wp-json\/wp\/v2\/types\/product"}],"replies":[{"embeddable":true,"href":"https:\/\/www.arantzagorostidi.com\/fr\/wp-json\/wp\/v2\/comments?post=18087"}],"wp:featuredmedia":[{"embeddable":true,"href":"https:\/\/www.arantzagorostidi.com\/fr\/wp-json\/wp\/v2\/media\/17970"}],"wp:attachment":[{"href":"https:\/\/www.arantzagorostidi.com\/fr\/wp-json\/wp\/v2\/media?parent=18087"}],"wp:term":[{"taxonomy":"product_cat","embeddable":true,"href":"https:\/\/www.arantzagorostidi.com\/fr\/wp-json\/wp\/v2\/product_cat?post=18087"},{"taxonomy":"product_tag","embeddable":true,"href":"https:\/\/www.arantzagorostidi.com\/fr\/wp-json\/wp\/v2\/product_tag?post=18087"}],"curies":[{"name":"wp","href":"https:\/\/api.w.org\/{rel}","templated":true}]}}