{"id":17193,"date":"2015-07-20T09:45:51","date_gmt":"2015-07-20T07:45:51","guid":{"rendered":"http:\/\/joyasag.ibd.es\/fr\/?page_id=17193"},"modified":"2017-04-04T12:14:24","modified_gmt":"2017-04-04T10:14:24","slug":"joyas","status":"publish","type":"page","link":"https:\/\/www.arantzagorostidi.com\/fr\/joyas\/","title":{"rendered":"Bijoux"},"content":{"rendered":"<p><a href=\"https:\/\/www.arantzagorostidi.com\/wp-content\/uploads\/2015\/07\/joyas_fund.png\"><img decoding=\"async\" loading=\"lazy\" class=\"alignnone wp-image-18439 size-medium\" style=\"float: right;\" src=\"https:\/\/www.arantzagorostidi.com\/wp-content\/uploads\/2015\/07\/joyas_fund-300x224.png\" alt=\"\" width=\"300\" height=\"224\" srcset=\"https:\/\/www.arantzagorostidi.com\/wp-content\/uploads\/2015\/07\/joyas_fund-300x224.png 300w, https:\/\/www.arantzagorostidi.com\/wp-content\/uploads\/2015\/07\/joyas_fund-149x111.png 149w, https:\/\/www.arantzagorostidi.com\/wp-content\/uploads\/2015\/07\/joyas_fund.png 400w\" sizes=\"(max-width: 300px) 100vw, 300px\" \/><\/a><\/p>\n<p>Ces bijoux sont inspir\u00e9s par endroits proches et lointains au parcours du processus de recherche et de formation, r\u00e9sultat de ces paysages et histoires y survenues, il s\u2019agit d\u2019une m\u00e9lange entre la tradition esth\u00e9tique et le design contemporain, ils sont fabriqu\u00e9s \u00e0 la main sous l\u2019h\u00e9ritage des plus anciennes techniques, toujours avec de mat\u00e9riaux pr\u00e9cieux.<\/p>\n<p>Chaque bijou est un mod\u00e8le unique, il n\u2019y a pas de copies. Tous les mod\u00e8les peuvent \u00eatre adapt\u00e9s \u00e0 partir du mod\u00e8le initial en termes de longues, fermetures et autres d\u00e9tails pour r\u00e9pondre \u00e0 toutes les attentes de ce qui va le porter.<\/p>\n<p>Ces bijoux ont pour objet, sans effort et en tout confort, s\u2019adapter parfaitement \u00e0 ce qui les porte, tout dans le cadre d\u2019une image et faisant partie harmonieuse de l\u2019ensemble, avec les v\u00eatements ou tout autre compl\u00e9ment de mode.<\/p>\n<p>&nbsp;<\/p>\n","protected":false},"excerpt":{"rendered":"<p>Ces bijoux sont inspir\u00e9s par endroits proches et lointains au parcours du processus de recherche&#8230;<\/p>\n","protected":false},"author":1,"featured_media":0,"parent":0,"menu_order":0,"comment_status":"open","ping_status":"open","template":"","meta":[],"_links":{"self":[{"href":"https:\/\/www.arantzagorostidi.com\/fr\/wp-json\/wp\/v2\/pages\/17193"}],"collection":[{"href":"https:\/\/www.arantzagorostidi.com\/fr\/wp-json\/wp\/v2\/pages"}],"about":[{"href":"https:\/\/www.arantzagorostidi.com\/fr\/wp-json\/wp\/v2\/types\/page"}],"author":[{"embeddable":true,"href":"https:\/\/www.arantzagorostidi.com\/fr\/wp-json\/wp\/v2\/users\/1"}],"replies":[{"embeddable":true,"href":"https:\/\/www.arantzagorostidi.com\/fr\/wp-json\/wp\/v2\/comments?post=17193"}],"version-history":[{"count":8,"href":"https:\/\/www.arantzagorostidi.com\/fr\/wp-json\/wp\/v2\/pages\/17193\/revisions"}],"predecessor-version":[{"id":18480,"href":"https:\/\/www.arantzagorostidi.com\/fr\/wp-json\/wp\/v2\/pages\/17193\/revisions\/18480"}],"wp:attachment":[{"href":"https:\/\/www.arantzagorostidi.com\/fr\/wp-json\/wp\/v2\/media?parent=17193"}],"curies":[{"name":"wp","href":"https:\/\/api.w.org\/{rel}","templated":true}]}}