{"id":17162,"date":"2015-07-20T09:41:08","date_gmt":"2015-07-20T07:41:08","guid":{"rendered":"http:\/\/joyasag.ibd.es\/fr\/?page_id=17162"},"modified":"2018-04-23T10:21:09","modified_gmt":"2018-04-23T08:21:09","slug":"para-quien","status":"publish","type":"page","link":"https:\/\/www.arantzagorostidi.com\/fr\/para-quien\/","title":{"rendered":"Pour qui?"},"content":{"rendered":"<p><a href=\"https:\/\/www.arantzagorostidi.com\/wp-content\/uploads\/2018\/04\/arantza_gorostidi.jpg\"><img decoding=\"async\" loading=\"lazy\" class=\"alignnone wp-image-19033\" style=\"float: right;\" src=\"https:\/\/www.arantzagorostidi.com\/wp-content\/uploads\/2018\/04\/arantza_gorostidi-223x300.jpg\" alt=\"\" width=\"370\" height=\"498\" srcset=\"https:\/\/www.arantzagorostidi.com\/wp-content\/uploads\/2018\/04\/arantza_gorostidi-223x300.jpg 223w, https:\/\/www.arantzagorostidi.com\/wp-content\/uploads\/2018\/04\/arantza_gorostidi-147x198.jpg 147w, https:\/\/www.arantzagorostidi.com\/wp-content\/uploads\/2018\/04\/arantza_gorostidi.jpg 370w\" sizes=\"(max-width: 370px) 100vw, 370px\" \/><\/a><\/p>\n<p>Ces bijoux s\u2019adressent aux femmes qui aiment l\u2019art et le dessin contemporain, celles qui souhaitent avoir des bijoux diff\u00e9rents \u00e0 pr\u00e9c\u00e9dentes g\u00e9n\u00e9rations, plut\u00f4t en accord avec la mode et la vie actuel, et surtout avec la nouvelle fa\u00e7on d\u2019\u00eatre pr\u00e9sente dans le monde.<\/p>\n<p>Les femmes qui suivent les tendances artistiques dans le domaine de la mode et et les expressions artistiques reconna\u00eetront d\u2019un coup d\u2019\u0153il l\u2019attraction de ces bijoux encadr\u00e9s dans le esprit de l\u2019art contemporain.<\/p>\n<p>Ces bijoux restent \u00e9loign\u00e9s de l\u2019ostentation et du lux, sauf dans les grandes o par commande, ils sont orient\u00e9s \u00e0 apporter singularit\u00e9 et distinction plus qu\u2019\u00e0 se remarquer dans l\u2019ensemble.<\/p>\n<p>Ils s\u2019orientent aux une client\u00e8le qui appr\u00e9cie l\u2019achat des vrais bijoux, diff\u00e9rents, uniques\u2026par un prix un peu plus \u00e9lev\u00e9 que celui des compl\u00e9ments de fantaisie ou les fabrications \u00e0 grand tirage.<\/p>\n<p>Ces bijoux prennent la place entre la haute bijouterie conventionnelle et les compl\u00e9ments de fantaisie, car ils ont \u00e9t\u00e9 tous \u00e9labor\u00e9s avec des mat\u00e9riaux pr\u00e9cieux et des vraies pierres pr\u00e9cieuses, fabriqu\u00e9s \u00e0 la main, sur le dessin contemporaine, finissions haute de gamme et possible particularisation du mod\u00e8le basse. Pour ces femmes qui n\u2019acceptent pas sacrifier la qualit\u00e9 d\u2019un vrai bijou au nom de la modernit\u00e9.<\/p>\n","protected":false},"excerpt":{"rendered":"<p>Ces bijoux s\u2019adressent aux femmes qui aiment l\u2019art et le dessin contemporain, celles qui souhaitent&#8230;<\/p>\n","protected":false},"author":1,"featured_media":0,"parent":0,"menu_order":0,"comment_status":"open","ping_status":"open","template":"","meta":[],"_links":{"self":[{"href":"https:\/\/www.arantzagorostidi.com\/fr\/wp-json\/wp\/v2\/pages\/17162"}],"collection":[{"href":"https:\/\/www.arantzagorostidi.com\/fr\/wp-json\/wp\/v2\/pages"}],"about":[{"href":"https:\/\/www.arantzagorostidi.com\/fr\/wp-json\/wp\/v2\/types\/page"}],"author":[{"embeddable":true,"href":"https:\/\/www.arantzagorostidi.com\/fr\/wp-json\/wp\/v2\/users\/1"}],"replies":[{"embeddable":true,"href":"https:\/\/www.arantzagorostidi.com\/fr\/wp-json\/wp\/v2\/comments?post=17162"}],"version-history":[{"count":13,"href":"https:\/\/www.arantzagorostidi.com\/fr\/wp-json\/wp\/v2\/pages\/17162\/revisions"}],"predecessor-version":[{"id":19422,"href":"https:\/\/www.arantzagorostidi.com\/fr\/wp-json\/wp\/v2\/pages\/17162\/revisions\/19422"}],"wp:attachment":[{"href":"https:\/\/www.arantzagorostidi.com\/fr\/wp-json\/wp\/v2\/media?parent=17162"}],"curies":[{"name":"wp","href":"https:\/\/api.w.org\/{rel}","templated":true}]}}