{"id":16983,"date":"2015-07-20T09:44:33","date_gmt":"2015-07-20T07:44:33","guid":{"rendered":"http:\/\/joyasag.ibd.es\/?page_id=16983&#038;lang=fr"},"modified":"2017-04-04T12:32:20","modified_gmt":"2017-04-04T10:32:20","slug":"a-medida-fr","status":"publish","type":"page","link":"https:\/\/www.arantzagorostidi.com\/fr\/a-medida-fr\/","title":{"rendered":"Sur mesure"},"content":{"rendered":"<p><a href=\"https:\/\/www.arantzagorostidi.com\/wp-content\/uploads\/2015\/07\/a_medida.png\"><img decoding=\"async\" loading=\"lazy\" class=\"alignnone wp-image-18420 size-medium\" style=\"float: right;\" src=\"https:\/\/www.arantzagorostidi.com\/wp-content\/uploads\/2015\/07\/a_medida-300x225.png\" alt=\"\" width=\"300\" height=\"225\" srcset=\"https:\/\/www.arantzagorostidi.com\/wp-content\/uploads\/2015\/07\/a_medida.png 300w, https:\/\/www.arantzagorostidi.com\/wp-content\/uploads\/2015\/07\/a_medida-149x112.png 149w\" sizes=\"(max-width: 300px) 100vw, 300px\" \/><\/a><br \/>\nSi vous ne trouvez pas cette bijou qui est dans votre imagination, si vous avez une pierre pr\u00e9cieuse qui vous voulez transformer en bijou et vous habiller avec elle&#8230;contactez-moi, d\u00e9crivez vous le bijou que vous r\u00eavez jusqu&rsquo;\u00e0 que nous arrivons \u00e0 la conception finale du bijou et du m\u00eame accorder les d\u00e9lais de mise en \u0153uvre et livraison. Votre bijou sera fabriqu\u00e9 dans mon atelier exclusivement pour vous \u00e0 fin de devenir le bijou de vos r\u00eaves.<\/p>\n","protected":false},"excerpt":{"rendered":"<p>Si vous ne trouvez pas cette bijou qui est dans votre imagination, si vous avez&#8230;<\/p>\n","protected":false},"author":1,"featured_media":0,"parent":0,"menu_order":0,"comment_status":"open","ping_status":"open","template":"","meta":[],"_links":{"self":[{"href":"https:\/\/www.arantzagorostidi.com\/fr\/wp-json\/wp\/v2\/pages\/16983"}],"collection":[{"href":"https:\/\/www.arantzagorostidi.com\/fr\/wp-json\/wp\/v2\/pages"}],"about":[{"href":"https:\/\/www.arantzagorostidi.com\/fr\/wp-json\/wp\/v2\/types\/page"}],"author":[{"embeddable":true,"href":"https:\/\/www.arantzagorostidi.com\/fr\/wp-json\/wp\/v2\/users\/1"}],"replies":[{"embeddable":true,"href":"https:\/\/www.arantzagorostidi.com\/fr\/wp-json\/wp\/v2\/comments?post=16983"}],"version-history":[{"count":4,"href":"https:\/\/www.arantzagorostidi.com\/fr\/wp-json\/wp\/v2\/pages\/16983\/revisions"}],"predecessor-version":[{"id":18860,"href":"https:\/\/www.arantzagorostidi.com\/fr\/wp-json\/wp\/v2\/pages\/16983\/revisions\/18860"}],"wp:attachment":[{"href":"https:\/\/www.arantzagorostidi.com\/fr\/wp-json\/wp\/v2\/media?parent=16983"}],"curies":[{"name":"wp","href":"https:\/\/api.w.org\/{rel}","templated":true}]}}