{"id":16944,"date":"2015-02-12T17:36:37","date_gmt":"2015-02-12T16:36:37","guid":{"rendered":"http:\/\/joyasag.ibd.es\/?page_id=16944&#038;lang=fr"},"modified":"2018-04-26T13:03:36","modified_gmt":"2018-04-26T11:03:36","slug":"fullwidth","status":"publish","type":"page","link":"https:\/\/www.arantzagorostidi.com\/fr\/","title":{"rendered":"Fullwidth"},"content":{"rendered":"<p>[vc_row bg_type=&nbsp;&raquo;no_bg&nbsp;&raquo; css=&nbsp;&raquo;.vc_custom_1432220367385{margin-top: -29px !important;}&nbsp;&raquo;][vc_column][rev_slider_vc alias=&nbsp;&raquo;SliderProduct&nbsp;&raquo;][\/vc_column][\/vc_row][vc_row bg_type=&nbsp;&raquo;no_bg&nbsp;&raquo; css=&nbsp;&raquo;.vc_custom_1419869660073{margin-bottom: 0px !important;}&nbsp;&raquo;][vc_column][vc_tabs type=&nbsp;&raquo;products-tabs&nbsp;&raquo;][vc_tab title=&nbsp;&raquo;\u00c2 SAISIR&nbsp;&raquo; tab_id=&nbsp;&raquo;1418322581-1-0&Prime;]<div class=\"carousel-area  slider-7223\"><div class=\"owl-carousel productCarousel\"><div class=\"slide-item product-slide -slide\">\n\n<div class=\"product first wishlist-disabled \">\n\t\t<div class=\"content-product\">\n\t\t\t\t\t\t<div class=\"product-image-wrapper hover-effect-slider\">\n\t\t\t\t<a class=\"product-content-image\" href=\"https:\/\/www.arantzagorostidi.com\/fr\/product\/boucles-doreille-mediterraine-2\/\" data-images=\"\">\n\t\t\t\t\t<div class=\"label-product\">\n\n    \t        \n\t    \n<\/div>\t\t\t\t\t\t\t\t\t\t<img width=\"450\" height=\"557\" src=\"https:\/\/www.arantzagorostidi.com\/wp-content\/uploads\/2015\/07\/pend_mediterraneo-2.jpg\" class=\"attachment-woocommerce_thumbnail size-woocommerce_thumbnail\" alt=\"\" decoding=\"async\" loading=\"lazy\" \/>                    \t\t\t\t<\/a>\n\t\t\t<footer class=\"footer-product\">\n\t\t\t\t\t\t\t\t\t\t\t\t\t<span class=\"show-quickly\" data-prodid=\"19568\">Quick View<\/span>\n\t\t\t\t\t\t\t<\/footer>\n\t\t<\/div>\n\t\t\n\t\t\t\t<div class=\"text-center product-details\">\n    \t\t    \t\t\t<div class=\"products-page-cats\">\n    \t\t\t\t<a href=\"https:\/\/www.arantzagorostidi.com\/fr\/categorie-produit\/boucles-d-oreille\/\" rel=\"tag\">Boucles d\u2019oreille<\/a>, <a href=\"https:\/\/www.arantzagorostidi.com\/fr\/categorie-produit\/colections\/colection-de-l-ancien-chemin-de-la-soie\/\" rel=\"tag\">Colection de L'ancien chemin de la soie<\/a>, <a href=\"https:\/\/www.arantzagorostidi.com\/fr\/categorie-produit\/colections\/\" rel=\"tag\">Colections<\/a>, <a href=\"https:\/\/www.arantzagorostidi.com\/fr\/categorie-produit\/colections\/colection-de-l-ancien-chemin-de-la-soie\/esemble-mediterraine\/\" rel=\"tag\">Esemble Mediterraine<\/a>    \t\t\t<\/div>\n    \t\t            \n    \t\t    \t\t\t<div class=\"product-title\">\n    \t\t\t\t<a href=\"https:\/\/www.arantzagorostidi.com\/fr\/product\/boucles-doreille-mediterraine-2\/\">BOUCLES D\u2019OREILLE MEDITERRAINE<\/a>\n    \t\t\t<\/div>\n    \t\t\t    \t\t\n\t\t\t<div class=\"product-excerpt\">\n\t\t\t\tDes \u00e9clairs de lumi\u00e8re bleue sur votre visage.\r\n\r\nLieu de d\u00e9part, lieu d'arriv\u00e9e, mais toujours l\u00e0, bleu, en attente. Des chemins inspirants et aussi cet ensemble.\r\n\r\nDescription: Argent 925. Topaze bleue 10x8x6 mm. 6 zircons bleus. Poids 3,3 grs chacun. Longueur 7 cm. Largeur 6\/8 mm. Hauteur 6\/8 mm.\t\t\t<\/div>\n\t\t\n            \n\t\t\t            \n        \n\t\t\t\t\t<\/div>\n\t\t\t<\/div>\n<\/div><\/div><!-- slide-item --><div class=\"slide-item product-slide -slide\">\n\n<div class=\"product wishlist-disabled \">\n\t\t<div class=\"content-product\">\n\t\t\t\t\t\t<div class=\"product-image-wrapper hover-effect-slider\">\n\t\t\t\t<a class=\"product-content-image\" href=\"https:\/\/www.arantzagorostidi.com\/fr\/product\/bague-persia\/\" data-images=\"https:\/\/www.arantzagorostidi.com\/wp-content\/uploads\/2015\/07\/anillo_persia01-1.jpg,https:\/\/www.arantzagorostidi.com\/wp-content\/uploads\/2015\/07\/anillo_persia02.jpg\">\n\t\t\t\t\t<div class=\"label-product\">\n\n    \t        \n\t    \n<\/div>\t\t\t\t\t\t\t\t\t\t<img width=\"266\" height=\"333\" src=\"https:\/\/www.arantzagorostidi.com\/wp-content\/uploads\/2015\/07\/anillo_persia01-1.jpg\" class=\"attachment-woocommerce_thumbnail size-woocommerce_thumbnail\" alt=\"\" decoding=\"async\" loading=\"lazy\" srcset=\"https:\/\/www.arantzagorostidi.com\/wp-content\/uploads\/2015\/07\/anillo_persia01-1.jpg 266w, https:\/\/www.arantzagorostidi.com\/wp-content\/uploads\/2015\/07\/anillo_persia01-1-240x300.jpg 240w, https:\/\/www.arantzagorostidi.com\/wp-content\/uploads\/2015\/07\/anillo_persia01-1-149x187.jpg 149w\" sizes=\"(max-width: 266px) 100vw, 266px\" \/>                    \t\t\t\t<\/a>\n\t\t\t<footer class=\"footer-product\">\n\t\t\t\t\t\t\t\t\t\t\t\t\t<span class=\"show-quickly\" data-prodid=\"18121\">Quick View<\/span>\n\t\t\t\t\t\t\t<\/footer>\n\t\t<\/div>\n\t\t\n\t\t\t\t<div class=\"text-center product-details\">\n    \t\t    \t\t\t<div class=\"products-page-cats\">\n    \t\t\t\t<a href=\"https:\/\/www.arantzagorostidi.com\/fr\/categorie-produit\/bague\/\" rel=\"tag\">Bague<\/a>, <a href=\"https:\/\/www.arantzagorostidi.com\/fr\/categorie-produit\/colections\/colection-de-l-ancien-chemin-de-la-soie\/\" rel=\"tag\">Colection de L'ancien chemin de la soie<\/a>, <a href=\"https:\/\/www.arantzagorostidi.com\/fr\/categorie-produit\/colections\/\" rel=\"tag\">Colections<\/a>, <a href=\"https:\/\/www.arantzagorostidi.com\/fr\/categorie-produit\/colections\/colection-de-l-ancien-chemin-de-la-soie\/esemble-persia\/\" rel=\"tag\">Esemble Persia<\/a>    \t\t\t<\/div>\n    \t\t            \n    \t\t    \t\t\t<div class=\"product-title\">\n    \t\t\t\t<a href=\"https:\/\/www.arantzagorostidi.com\/fr\/product\/bague-persia\/\">Bague Persia<\/a>\n    \t\t\t<\/div>\n    \t\t\t    \t\t\n\t\t\t<div class=\"product-excerpt\">\n\t\t\t\t<strong>Distinction classique et \u00e9l\u00e9gance dans ta main<\/strong>\r\n\r\nDescription: Argent 925. Calcite iranienne taille cabochon. Poids 6,7 grs. Taille 19\/20. Largeur 2,3 cm. Longueur 3 cm. Hauteur 1,5 cm.\t\t\t<\/div>\n\t\t\n            \n\t\t\t            \n        \n\t\t\t\t\t<\/div>\n\t\t\t<\/div>\n<\/div><\/div><!-- slide-item --><div class=\"slide-item product-slide -slide\">\n\n<div class=\"product wishlist-disabled \">\n\t\t<div class=\"content-product\">\n\t\t\t\t\t\t<div class=\"product-image-wrapper hover-effect-slider\">\n\t\t\t\t<a class=\"product-content-image\" href=\"https:\/\/www.arantzagorostidi.com\/fr\/product\/broche-balenciaga-2\/\" data-images=\"\">\n\t\t\t\t\t<div class=\"label-product\">\n\n    \t        \n\t    \n<\/div>\t\t\t\t\t\t\t\t\t\t<img width=\"450\" height=\"566\" src=\"https:\/\/www.arantzagorostidi.com\/wp-content\/uploads\/2015\/07\/broche_balenciaga.jpg\" class=\"attachment-woocommerce_thumbnail size-woocommerce_thumbnail\" alt=\"\" decoding=\"async\" loading=\"lazy\" \/>                    \t\t\t\t<\/a>\n\t\t\t<footer class=\"footer-product\">\n\t\t\t\t\t\t\t\t\t\t\t\t\t<span class=\"show-quickly\" data-prodid=\"18113\">Quick View<\/span>\n\t\t\t\t\t\t\t<\/footer>\n\t\t<\/div>\n\t\t\n\t\t\t\t<div class=\"text-center product-details\">\n    \t\t    \t\t\t<div class=\"products-page-cats\">\n    \t\t\t\t<a href=\"https:\/\/www.arantzagorostidi.com\/fr\/categorie-produit\/broche\/\" rel=\"tag\">Broche<\/a>, <a href=\"https:\/\/www.arantzagorostidi.com\/fr\/categorie-produit\/colections\/colection-euskal-herria\/colection-balenciaga\/\" rel=\"tag\">Colection Balenciaga<\/a>, <a href=\"https:\/\/www.arantzagorostidi.com\/fr\/categorie-produit\/colections\/colection-euskal-herria\/\" rel=\"tag\">Colection Euskal Herria<\/a>, <a href=\"https:\/\/www.arantzagorostidi.com\/fr\/categorie-produit\/colections\/\" rel=\"tag\">Colections<\/a>    \t\t\t<\/div>\n    \t\t            \n    \t\t    \t\t\t<div class=\"product-title\">\n    \t\t\t\t<a href=\"https:\/\/www.arantzagorostidi.com\/fr\/product\/broche-balenciaga-2\/\">Broche Balenciaga<\/a>\n    \t\t\t<\/div>\n    \t\t\t    \t\t\n\t\t\t<div class=\"product-excerpt\">\n\t\t\t\t<strong>Une touche chic pour tes habilles plus sobres<\/strong>\r\n\r\nCristobal Balenciaga (1895 Getaria \u2013 1972 Javea). Tailleur de la haute couture on pourrait le placer entre la mode et l\u2019architecture. L\u2019exemplaire 114, un tailleur de la collection d\u2019hiver 1967 a inspir\u00e9 cet ensemble.\r\n\r\nDescription: Argent 925. Poids 5.8 gr. Longueur 3,8 cm. Largeur 3 cm. Hauteur 1 cm.\t\t\t<\/div>\n\t\t\n            \n\t\t\t            \n        \n\t\t\t\t\t<\/div>\n\t\t\t<\/div>\n<\/div><\/div><!-- slide-item --><div class=\"slide-item product-slide -slide\">\n\n<div class=\"product last wishlist-disabled \">\n\t\t<div class=\"content-product\">\n\t\t\t\t\t\t<div class=\"product-image-wrapper hover-effect-slider\">\n\t\t\t\t<a class=\"product-content-image\" href=\"https:\/\/www.arantzagorostidi.com\/fr\/product\/bague-gorostidi\/\" data-images=\"\">\n\t\t\t\t\t<div class=\"label-product\">\n\n    \t        \n\t    \n<\/div>\t\t\t\t\t\t\t\t\t\t<img width=\"450\" height=\"566\" src=\"https:\/\/www.arantzagorostidi.com\/wp-content\/uploads\/2015\/07\/anillo_gorostidi1.jpg\" class=\"attachment-woocommerce_thumbnail size-woocommerce_thumbnail\" alt=\"\" decoding=\"async\" loading=\"lazy\" \/>                    \t\t\t\t<\/a>\n\t\t\t<footer class=\"footer-product\">\n\t\t\t\t\t\t\t\t\t\t\t\t\t<span class=\"show-quickly\" data-prodid=\"18119\">Quick View<\/span>\n\t\t\t\t\t\t\t<\/footer>\n\t\t<\/div>\n\t\t\n\t\t\t\t<div class=\"text-center product-details\">\n    \t\t    \t\t\t<div class=\"products-page-cats\">\n    \t\t\t\t<a href=\"https:\/\/www.arantzagorostidi.com\/fr\/categorie-produit\/bague\/\" rel=\"tag\">Bague<\/a>, <a href=\"https:\/\/www.arantzagorostidi.com\/fr\/categorie-produit\/colections\/colection-euskal-herria\/\" rel=\"tag\">Colection Euskal Herria<\/a>, <a href=\"https:\/\/www.arantzagorostidi.com\/fr\/categorie-produit\/colections\/colection-euskal-herria\/colection-gorostidi\/\" rel=\"tag\">Colection Gorostidi<\/a>, <a href=\"https:\/\/www.arantzagorostidi.com\/fr\/categorie-produit\/colections\/\" rel=\"tag\">Colections<\/a>    \t\t\t<\/div>\n    \t\t            \n    \t\t    \t\t\t<div class=\"product-title\">\n    \t\t\t\t<a href=\"https:\/\/www.arantzagorostidi.com\/fr\/product\/bague-gorostidi\/\">Bague Gorostidi<\/a>\n    \t\t\t<\/div>\n    \t\t\t    \t\t\n\t\t\t<div class=\"product-excerpt\">\n\t\t\t\tFalta traducci\u00f3n por parte de Arantza.\r\n\r\nDescription: Argent 925 et rubis d\u2019\u00e9toile. Poids\u00a0 6.5 grs. TAILLE 19\/20. Largeur au maximum 6 mm. Longueur 20 mm.\t\t\t<\/div>\n\t\t\n            \n\t\t\t            \n        \n\t\t\t\t\t<\/div>\n\t\t\t<\/div>\n<\/div><\/div><!-- slide-item --><\/div><!-- products-slider --><\/div><!-- slider-container -->\n\t\n\t            <script type=\"text\/javascript\">\n\t                jQuery(\".slider-7223 .productCarousel\").owlCarousel({\n\t                    items:4, \n\t                    lazyLoad : true,\n\t                    navigation: true,\n\t                    navigationText:false,\n\t                    rewindNav: false,\n\t                    itemsCustom: [[0, 2], [479,2], [619,2], [768,2],  [1200, 4], [1600, 4]]\n\t                });\n\t\n\t            <\/script>\n\t        [\/vc_tab][vc_tab title=&nbsp;&raquo;Nouveau&nbsp;&raquo; tab_id=&nbsp;&raquo;1418322581-2-45&Prime;]\n\t\n\t            <script type=\"text\/javascript\">\n\t                jQuery(\".slider-3082 .productCarousel\").owlCarousel({\n\t                    items:4, \n\t                    lazyLoad : true,\n\t                    navigation: true,\n\t                    navigationText:false,\n\t                    rewindNav: false,\n\t                    itemsCustom: [[0, 2], [479,2], [619,2], [768,2],  [1200, 4], [1600, 4]]\n\t                });\n\t\n\t            <\/script>\n\t        [\/vc_tab][\/vc_tabs][\/vc_column][\/vc_row][vc_row bg_type=&nbsp;&raquo;no_bg&nbsp;&raquo; css=&nbsp;&raquo;.vc_custom_1419869935624{margin-top: 70px !important;margin-bottom: 20px !important;}&nbsp;&raquo;][vc_column width=&nbsp;&raquo;1\/3&Prime; css=&nbsp;&raquo;.vc_custom_1413962213382{margin-bottom: 0px !important;}&nbsp;&raquo;][vc_column_text css=&nbsp;&raquo;.vc_custom_1439460678860{margin-bottom: 10px !important;}&nbsp;&raquo;]<\/p>\n<h2 style=\"text-align: left; font-family: 'Raleway', sans-serif; font-weight: 600; font-size: 18px; color: #000000;\">L&rsquo;AUTEUR<\/h2>\n<hr class=\"divider horizontal-break\" style=\"margin: 6px auto !important; background: rgba(217,217,217,0.6); display: inline-block;\" \/>\n<p>[\/vc_column_text][vc_single_image image=&nbsp;&raquo;19033&Prime; img_size=&nbsp;&raquo;370&#215;498&Prime; link=&nbsp;&raquo;#&nbsp;&raquo; onclick=&nbsp;&raquo;custom_link&nbsp;&raquo;][vc_column_text]Amoureuse des expressions artistiques de tous les temps, je me suis arr\u00eat\u00e9 pour observer le sens et l&rsquo;importance de ces petites et pr\u00e9cieuses \u0153uvres d&rsquo;art qui ont toujours exist\u00e9 tout au long du temps et lieux o\u00f9 les humains ont \u00e9t\u00e9 pr\u00e9sents: les bijoux.[\/vc_column_text][\/vc_column][vc_column width=&nbsp;&raquo;1\/3&Prime;][vc_column_text css=&nbsp;&raquo;.vc_custom_1441892331569{margin-bottom: 10px !important;}&nbsp;&raquo;]<\/p>\n<h2 style=\"font-family: 'Raleway', sans-serif; font-weight: 600; font-size: 18px; color: #000000; text-align: left;\">INFORMATIONS COMPL\u00c9MENTAIRES<\/h2>\n<hr class=\"divider horizontal-break\" style=\"margin: 6px auto !important; background: rgba(217,217,217,0.6); display: inline-block;\" \/>\n<p>Si vous ne trouvez pas cette bijou qui est dans votre imagination, si vous avez une pierre pr\u00e9cieuse qui vous voulez transformer en bijou et vous habiller avec elle&#8230;contactez-moi, d\u00e9crivez vous le bijou que vous r\u00eavez\u2026..[\/vc_column_text][vc_column_text]<\/p>\n<ul style=\"padding-left: 0px; margin-top: 20px; list-style: none;\">\n<li style=\"font-family: 'Raleway', sans-serif; font-size: 13px; color: #565656; font-weight: 300; border-top: 1px solid #ececec; padding-top: 15px; margin-bottom: 15px;\"><i class=\"fa fa-star\" style=\"color: #f2ae0b; font-size: 15px; padding-left: 10px; padding-right: 10px;\"><\/i>Chaque bijou est un mod\u00e8le unique, il n&rsquo;y a pas de copies.<\/li>\n<li style=\"font-family: 'Raleway', sans-serif; font-size: 13px; color: #565656; font-weight: 300; border-top: 1px solid #ececec; padding-top: 15px; margin-bottom: 15px;\"><i class=\"fa fa-star\" style=\"color: #f2ae0b; font-size: 15px; padding-left: 10px; padding-right: 10px;\"><\/i>Ces bijoux ont pour objet, sans effort et en tout confort, s&rsquo;adapter parfaitement \u00e0 ce qui les porte, tout dans le cadre d\u2019une image harmonieuse.<\/li>\n<li style=\"font-family: 'Raleway', sans-serif; font-size: 13px; color: #565656; font-weight: 300; border-top: 1px solid #ececec; padding-top: 15px; margin-bottom: 15px;\"><i class=\"fa fa-star\" style=\"color: #f2ae0b; font-size: 15px; padding-left: 10px; padding-right: 10px;\"><\/i>Votre bijou sera fabriqu\u00e9 dans mon atelier exclusivement pour vous \u00e0 fin de devenir le bijou de vos r\u00eaves.<\/li>\n<li style=\"font-family: 'Raleway', sans-serif; font-size: 13px; color: #565656; font-weight: 300; border-top: 1px solid #ececec; border-bottom: 1px solid #ececec; padding-top: 15px; padding-bottom: 15px;\"><i class=\"fa fa-star\" style=\"color: #f2ae0b; font-size: 15px; padding-left: 10px; padding-right: 10px;\"><\/i>Contactez moi et d\u00e9crivez moi le bijou de vos r\u00eaves.<\/li>\n<\/ul>\n<p>[\/vc_column_text][\/vc_column][vc_column width=&nbsp;&raquo;1\/3&Prime; css=&nbsp;&raquo;.vc_custom_1436444267592{background: #dd3333 url(https:\/\/8theme.com\/demo\/woopress\/fullwidth\/wp-content\/uploads\/sites\/10\/2014\/12\/log.png?id=16433) !important;}&nbsp;&raquo; el_class=&nbsp;&raquo;company-address&nbsp;&raquo;][vc_column_text css=&nbsp;&raquo;.vc_custom_1441897369015{background-position: 0 0 !important;background-repeat: no-repeat !important;}&nbsp;&raquo;]<\/p>\n<h2>Contact<\/h2>\n<p><i class=\"fa fa-home\"><\/i>Arantza Gorostidi<br \/>\n<i class=\"fa fa-phone\"><\/i>+34\u00a0652 759 670<br \/>\n<i class=\"fa fa-paper-plane-o\"><\/i><a class=\"moz-txt-link-abbreviated\" href=\"mailto:info@arantzagorostidi.com\">info@arantzagorostidi.com<\/a>[\/vc_column_text][\/vc_column][\/vc_row][vc_row bg_type=&nbsp;&raquo;no_bg&nbsp;&raquo; css=&nbsp;&raquo;.vc_custom_1419869935624{margin-top: 70px !important;margin-bottom: 20px !important;}&nbsp;&raquo;][vc_column width=&nbsp;&raquo;1\/4&Prime; el_class=&nbsp;&raquo;icos&nbsp;&raquo;][vc_icon icon_fontawesome=&nbsp;&raquo;fa fa-truck&nbsp;&raquo; color=&nbsp;&raquo;purple&nbsp;&raquo; background_style=&nbsp;&raquo;rounded-outline&nbsp;&raquo; align=&nbsp;&raquo;center&nbsp;&raquo; el_class=&nbsp;&raquo;iconosizquierda&nbsp;&raquo;][vc_column_text css=&nbsp;&raquo;.vc_custom_1441967262597{margin-bottom: 10px !important;}&nbsp;&raquo;]<\/p>\n<h2 style=\"font-family: 'Raleway', sans-serif; font-weight: 600; font-size: 18px; color: #000000; text-align: left;\"><a href=\"http:\/\/joyasag.ibd.es\/fr\/?page_id=16692#entrega\">EXP\u00c9DITIONS<\/a><\/h2>\n<p>[\/vc_column_text][\/vc_column][vc_column width=&nbsp;&raquo;1\/4&Prime; el_class=&nbsp;&raquo;icos&nbsp;&raquo;][vc_icon icon_fontawesome=&nbsp;&raquo;fa fa-lock&nbsp;&raquo; color=&nbsp;&raquo;purple&nbsp;&raquo; background_style=&nbsp;&raquo;rounded-outline&nbsp;&raquo; align=&nbsp;&raquo;center&nbsp;&raquo; el_class=&nbsp;&raquo;iconosizquierda&nbsp;&raquo;][vc_column_text css=&nbsp;&raquo;.vc_custom_1441967280960{margin-bottom: 10px !important;}&nbsp;&raquo;]<\/p>\n<h2 style=\"font-family: 'Raleway', sans-serif; font-weight: 600; font-size: 18px; color: #000000; text-align: left;\"><a href=\"http:\/\/joyasag.ibd.es\/fr\/?page_id=16692#garantia\">ASSURANCE QUALITE<\/a><\/h2>\n<p>[\/vc_column_text][\/vc_column][vc_column width=&nbsp;&raquo;1\/4&Prime; el_class=&nbsp;&raquo;icos&nbsp;&raquo;][vc_icon icon_fontawesome=&nbsp;&raquo;fa fa-refresh&nbsp;&raquo; color=&nbsp;&raquo;purple&nbsp;&raquo; background_style=&nbsp;&raquo;rounded-outline&nbsp;&raquo; align=&nbsp;&raquo;center&nbsp;&raquo; el_class=&nbsp;&raquo;iconosizquierda&nbsp;&raquo;][vc_column_text css=&nbsp;&raquo;.vc_custom_1441967316200{margin-bottom: 10px !important;}&nbsp;&raquo;]<\/p>\n<h2 style=\"font-family: 'Raleway', sans-serif; font-weight: 600; font-size: 18px; color: #000000; text-align: left;\"><a href=\"http:\/\/joyasag.ibd.es\/fr\/?page_id=16692#politicadevoluciones\">RETOURS<\/a><\/h2>\n<p>[\/vc_column_text][\/vc_column][\/vc_row][vc_row bg_type=&nbsp;&raquo;no_bg&nbsp;&raquo; css=&nbsp;&raquo;.vc_custom_1421333651393{margin-top: 10px !important;border-top-width: 20px !important;border-right-width: 20px !important;border-bottom-width: 20px !important;border-left-width: 20px !important;border-left-color: #f5f5f5 !important;border-left-style: solid !important;border-right-color: #f5f5f5 !important;border-right-style: solid !important;border-top-color: #f5f5f5 !important;border-top-style: solid !important;border-bottom-color: #f5f5f5 !important;border-bottom-style: solid !important;}&nbsp;&raquo; el_class=&nbsp;&raquo;full-width-ie&nbsp;&raquo;][vc_column][vc_row_inner][vc_column_inner width=&nbsp;&raquo;1\/2&Prime;][vc_column_text]<\/p>\n<h2 style=\"text-align: left; font-family: 'Raleway', sans-serif; font-weight: 500; font-size: 25px; color: #252525;\">\u00a1INSCRIVEZ-VOUS!<\/h2>\n<p><!--\n\n\n<h2 style=\"font-family: 'Raleway', sans-serif; font-weight: 600; font-size: 18px; color: #000000; text-align: left;\"><a href=\"http:\/\/joyasag.ibd.es\/fr\/?page_id=16692#precioypago\">ACHAT SECURE<\/a><\/h2>\n\n\n[\/vc_column_text][\/vc_column][vc_column width=\"1\/4\" el_class=\"icos\"][vc_icon icon_fontawesome=\"fa fa-thumbs-up\" color=\"purple\" background_style=\"rounded-outline\" align=\"center\" el_class=\"iconosizquierda\"][vc_column_text css=\".vc_custom_1441967296279{margin-bottom: 10px !important;}\"]--><\/p>\n<hr class=\"divider horizontal-break\" style=\"margin: 6px auto !important; background: rgba(217,217,217,0.6); display: inline-block;\" \/>\n<p style=\"text-align: left; font-family: 'Raleway', sans-serif; font-weight: 300; font-size: 15px; color: #565656;\">\u00a1Nous vous tiendrons inform\u00e9s des derni\u00e8res nouvelles et tout sur Arantza Gorostidi!<\/p>\n<p>[\/vc_column_text][\/vc_column_inner][vc_column_inner width=&nbsp;&raquo;1\/2&Prime; css=&nbsp;&raquo;.vc_custom_1418467631047{margin-top: 20px !important;}&nbsp;&raquo;][vc_raw_html]<\/p>\n<p>JTNDJTIxLS0lMjBCZWdpbiUyME1haWxDaGltcCUyMFNpZ251cCUyMEZvcm0lMjAtLSUzRSUwQSUzQ2xpbmslMjBocmVmJTNEJTIyJTJGJTJGY2RuLWltYWdlcy5tYWlsY2hpbXAuY29tJTJGZW1iZWRjb2RlJTJGY2xhc3NpYy0wODE3MTEuY3NzJTIyJTIwcmVsJTNEJTIyc3R5bGVzaGVldCUyMiUyMHR5cGUlM0QlMjJ0ZXh0JTJGY3NzJTIyJTNFJTBBJTNDc3R5bGUlMjB0eXBlJTNEJTIydGV4dCUyRmNzcyUyMiUzRSUwQSUwOSUyM21jX2VtYmVkX3NpZ251cCU3QmJhY2tncm91bmQlM0ElMjNmZmYlM0IlMjBjbGVhciUzQWxlZnQlM0IlMjBmb250JTNBMTRweCUyMEhlbHZldGljYSUyQ0FyaWFsJTJDc2Fucy1zZXJpZiUzQiUyMCU3RCUwQSUwOSUyRiUyQSUyMEFkZCUyMHlvdXIlMjBvd24lMjBNYWlsQ2hpbXAlMjBmb3JtJTIwc3R5bGUlMjBvdmVycmlkZXMlMjBpbiUyMHlvdXIlMjBzaXRlJTIwc3R5bGVzaGVldCUyMG9yJTIwaW4lMjB0aGlzJTIwc3R5bGUlMjBibG9jay4lMEElMDklMjAlMjAlMjBXZSUyMHJlY29tbWVuZCUyMG1vdmluZyUyMHRoaXMlMjBibG9jayUyMGFuZCUyMHRoZSUyMHByZWNlZGluZyUyMENTUyUyMGxpbmslMjB0byUyMHRoZSUyMEhFQUQlMjBvZiUyMHlvdXIlMjBIVE1MJTIwZmlsZS4lMjAlMkElMkYlMEElM0MlMkZzdHlsZSUzRSUzQ2RpdiUyMGlkJTNEJTIybWNfZW1iZWRfc2lnbnVwJTIyJTNFJTBBJTNDZm9ybSUyMGFjdGlvbiUzRCUyMiUyRiUyRmFyYW50emFnb3Jvc3RpZGkudXMxMS5saXN0LW1hbmFnZS5jb20lMkZzdWJzY3JpYmUlMkZwb3N0JTNGdSUzRDQ5Yzk5YzJmY2I4NTdiZmRjYjFjN2FjYWMlMjZhbXAlM0JpZCUzRDljYjhmMmMyZWQlMjIlMjBtZXRob2QlM0QlMjJwb3N0JTIyJTIwaWQlM0QlMjJtYy1lbWJlZGRlZC1zdWJzY3JpYmUtZm9ybSUyMiUyMG5hbWUlM0QlMjJtYy1lbWJlZGRlZC1zdWJzY3JpYmUtZm9ybSUyMiUyMGNsYXNzJTNEJTIydmFsaWRhdGUlMjIlMjB0YXJnZXQlM0QlMjJfYmxhbmslMjIlMjBub3ZhbGlkYXRlJTNFJTBBJTIwJTIwJTIwJTIwJTNDZGl2JTIwaWQlM0QlMjJtY19lbWJlZF9zaWdudXBfc2Nyb2xsJTIyJTNFJTBBJTA5JTNDaDIlM0UlM0MlMkZoMiUzRSUwQSUzQyUyMS0tJTIwJTNDZGl2JTIwY2xhc3MlM0QlMjJpbmRpY2F0ZXMtcmVxdWlyZWQlMjIlM0UlM0NzcGFuJTIwY2xhc3MlM0QlMjJhc3RlcmlzayUyMiUzRSUyQSUzQyUyRnNwYW4lM0UlMjBpbmRpY2F0ZXMlMjByZXF1aXJlZCUzQyUyRmRpdiUzRS0tJTNFJTBBJTBBJTNDZGl2JTIwY2xhc3MlM0QlMjJtYy1maWVsZC1ncm91cCUyMiUzRSUwQSUwOSUzQ2xhYmVsJTIwZm9yJTNEJTIybWNlLUVNQUlMJTIyJTNFRW1haWwlMjAlMjAlMjAlM0NzcGFuJTIwY2xhc3MlM0QlMjJhc3RlcmlzayUyMiUzRSUyQSUzQyUyRnNwYW4lM0UlMEElM0MlMkZsYWJlbCUzRSUwQSUwOSUzQ2lucHV0JTIwdHlwZSUzRCUyMmVtYWlsJTIyJTIwdmFsdWUlM0QlMjIlMjIlMjBuYW1lJTNEJTIyRU1BSUwlMjIlMjBjbGFzcyUzRCUyMnJlcXVpcmVkJTIwZW1haWwlMjIlMjBpZCUzRCUyMm1jZS1FTUFJTCUyMiUzRSUwQSUzQyUyRmRpdiUzRSUwQSUwOSUzQ2RpdiUyMGlkJTNEJTIybWNlLXJlc3BvbnNlcyUyMiUyMGNsYXNzJTNEJTIyY2xlYXIlMjIlM0UlMEElMDklMDklM0NkaXYlMjBjbGFzcyUzRCUyMnJlc3BvbnNlJTIyJTIwaWQlM0QlMjJtY2UtZXJyb3ItcmVzcG9uc2UlMjIlMjBzdHlsZSUzRCUyMmRpc3BsYXklM0Fub25lJTIyJTNFJTNDJTJGZGl2JTNFJTBBJTA5JTA5JTNDZGl2JTIwY2xhc3MlM0QlMjJyZXNwb25zZSUyMiUyMGlkJTNEJTIybWNlLXN1Y2Nlc3MtcmVzcG9uc2UlMjIlMjBzdHlsZSUzRCUyMmRpc3BsYXklM0Fub25lJTIyJTNFJTNDJTJGZGl2JTNFJTBBJTA5JTNDJTJGZGl2JTNFJTIwJTIwJTIwJTIwJTNDJTIxLS0lMjByZWFsJTIwcGVvcGxlJTIwc2hvdWxkJTIwbm90JTIwZmlsbCUyMHRoaXMlMjBpbiUyMGFuZCUyMGV4cGVjdCUyMGdvb2QlMjB0aGluZ3MlMjAtJTIwZG8lMjBub3QlMjByZW1vdmUlMjB0aGlzJTIwb3IlMjByaXNrJTIwZm9ybSUyMGJvdCUyMHNpZ251cHMtLSUzRSUwQSUyMCUyMCUyMCUyMCUzQ2RpdiUyMHN0eWxlJTNEJTIycG9zaXRpb24lM0ElMjBhYnNvbHV0ZSUzQiUyMGxlZnQlM0ElMjAtNTAwMHB4JTNCJTIyJTNFJTNDaW5wdXQlMjB0eXBlJTNEJTIydGV4dCUyMiUyMG5hbWUlM0QlMjJiXzQ5Yzk5YzJmY2I4NTdiZmRjYjFjN2FjYWNfOWNiOGYyYzJlZCUyMiUyMHRhYmluZGV4JTNEJTIyLTElMjIlMjB2YWx1ZSUzRCUyMiUyMiUzRSUzQyUyRmRpdiUzRSUwQSUyMCUyMCUyMCUyMCUzQ2RpdiUyMGNsYXNzJTNEJTIyY2xlYXIlMjIlM0UlM0NpbnB1dCUyMHR5cGUlM0QlMjJzdWJtaXQlMjIlMjB2YWx1ZSUzRCUyMlNpZ25lciUyMiUyMG5hbWUlM0QlMjJzdWJzY3JpYmUlMjIlMjBpZCUzRCUyMm1jLWVtYmVkZGVkLXN1YnNjcmliZSUyMiUyMGNsYXNzJTNEJTIyYnV0dG9uJTIyJTNFJTNDJTJGZGl2JTNFJTBBJTIwJTIwJTIwJTIwJTNDJTJGZGl2JTNFJTBBJTNDJTJGZm9ybSUzRSUwQSUzQyUyRmRpdiUzRSUwQSUzQ3NjcmlwdCUyMHR5cGUlM0QlMjd0ZXh0JTJGamF2YXNjcmlwdCUyNyUyMHNyYyUzRCUyNyUyRiUyRnMzLmFtYXpvbmF3cy5jb20lMkZkb3dubG9hZHMubWFpbGNoaW1wLmNvbSUyRmpzJTJGbWMtdmFsaWRhdGUuanMlMjclM0UlM0MlMkZzY3JpcHQlM0UlM0NzY3JpcHQlMjB0eXBlJTNEJTI3dGV4dCUyRmphdmFzY3JpcHQlMjclM0UlMjhmdW5jdGlvbiUyOCUyNCUyOSUyMCU3QndpbmRvdy5mbmFtZXMlMjAlM0QlMjBuZXclMjBBcnJheSUyOCUyOSUzQiUyMHdpbmRvdy5mdHlwZXMlMjAlM0QlMjBuZXclMjBBcnJheSUyOCUyOSUzQmZuYW1lcyU1QjAlNUQlM0QlMjdFTUFJTCUyNyUzQmZ0eXBlcyU1QjAlNUQlM0QlMjdlbWFpbCUyNyUzQmZuYW1lcyU1QjElNUQlM0QlMjdGTkFNRSUyNyUzQmZ0eXBlcyU1QjElNUQlM0QlMjd0ZXh0JTI3JTNCZm5hbWVzJTVCMiU1RCUzRCUyN0xOQU1FJTI3JTNCZnR5cGVzJTVCMiU1RCUzRCUyN3RleHQlMjclM0IlN0QlMjhqUXVlcnklMjklMjklM0J2YXIlMjAlMjRtY2olMjAlM0QlMjBqUXVlcnkubm9Db25mbGljdCUyOHRydWUlMjklM0IlM0MlMkZzY3JpcHQlM0UlMEElM0MlMjEtLUVuZCUyMG1jX2VtYmVkX3NpZ251cC0tJTNF<\/p>\n<p>[\/vc_raw_html][\/vc_column_inner][\/vc_row_inner][\/vc_column][\/vc_row]<\/p>\n","protected":false},"excerpt":{"rendered":"<p>[vc_row bg_type=&nbsp;&raquo;no_bg&nbsp;&raquo; css=&nbsp;&raquo;.vc_custom_1432220367385{margin-top: -29px !important;}&nbsp;&raquo;][vc_column][rev_slider_vc alias=&nbsp;&raquo;SliderProduct&nbsp;&raquo;][\/vc_column][\/vc_row][vc_row bg_type=&nbsp;&raquo;no_bg&nbsp;&raquo; css=&nbsp;&raquo;.vc_custom_1419869660073{margin-bottom: 0px !important;}&nbsp;&raquo;][vc_column][vc_tabs type=&nbsp;&raquo;products-tabs&nbsp;&raquo;][vc_tab title=&nbsp;&raquo;\u00c2 SAISIR&nbsp;&raquo; tab_id=&nbsp;&raquo;1418322581-1-0&Prime;][\/vc_tab][vc_tab title=&nbsp;&raquo;Nouveau&nbsp;&raquo;&#8230;<\/p>\n","protected":false},"author":1,"featured_media":0,"parent":0,"menu_order":0,"comment_status":"open","ping_status":"open","template":"","meta":[],"_links":{"self":[{"href":"https:\/\/www.arantzagorostidi.com\/fr\/wp-json\/wp\/v2\/pages\/16944"}],"collection":[{"href":"https:\/\/www.arantzagorostidi.com\/fr\/wp-json\/wp\/v2\/pages"}],"about":[{"href":"https:\/\/www.arantzagorostidi.com\/fr\/wp-json\/wp\/v2\/types\/page"}],"author":[{"embeddable":true,"href":"https:\/\/www.arantzagorostidi.com\/fr\/wp-json\/wp\/v2\/users\/1"}],"replies":[{"embeddable":true,"href":"https:\/\/www.arantzagorostidi.com\/fr\/wp-json\/wp\/v2\/comments?post=16944"}],"version-history":[{"count":27,"href":"https:\/\/www.arantzagorostidi.com\/fr\/wp-json\/wp\/v2\/pages\/16944\/revisions"}],"predecessor-version":[{"id":19508,"href":"https:\/\/www.arantzagorostidi.com\/fr\/wp-json\/wp\/v2\/pages\/16944\/revisions\/19508"}],"wp:attachment":[{"href":"https:\/\/www.arantzagorostidi.com\/fr\/wp-json\/wp\/v2\/media?parent=16944"}],"curies":[{"name":"wp","href":"https:\/\/api.w.org\/{rel}","templated":true}]}}