{"id":16628,"date":"2015-07-20T12:17:10","date_gmt":"2015-07-20T10:17:10","guid":{"rendered":"http:\/\/joyasag.ibd.es\/?post_type=product&#038;p=16628"},"modified":"2020-11-24T09:07:34","modified_gmt":"2020-11-24T08:07:34","slug":"pendientes-orquidea","status":"publish","type":"product","link":"https:\/\/www.arantzagorostidi.com\/es\/product\/pendientes-orquidea\/","title":{"rendered":"Pendientes Orquideas"},"content":{"rendered":"","protected":false},"excerpt":{"rendered":"<p><strong>Movimiento y dinamismo para tu imagen.<\/strong><\/p>\n<p>La s\u00edntesis en l\u00edneas asim\u00e9tricas de las complejas formas de las orqu\u00eddeas ha dado como resultado este conjunto.<\/p>\n<p>Descripci\u00f3n: Plata 925. Peso 2.8 grs cada. Largo 8,3 cms. Ancho 2,7 cms. Posibilidad de cambio de cierre por cierre de presi\u00f3n. Posibilidad de reducir el largo.<\/p>\n","protected":false},"featured_media":16629,"comment_status":"open","ping_status":"closed","template":"","meta":[],"product_cat":[6,17,19,34],"product_tag":[],"_links":{"self":[{"href":"https:\/\/www.arantzagorostidi.com\/es\/wp-json\/wp\/v2\/product\/16628"}],"collection":[{"href":"https:\/\/www.arantzagorostidi.com\/es\/wp-json\/wp\/v2\/product"}],"about":[{"href":"https:\/\/www.arantzagorostidi.com\/es\/wp-json\/wp\/v2\/types\/product"}],"replies":[{"embeddable":true,"href":"https:\/\/www.arantzagorostidi.com\/es\/wp-json\/wp\/v2\/comments?post=16628"}],"wp:featuredmedia":[{"embeddable":true,"href":"https:\/\/www.arantzagorostidi.com\/es\/wp-json\/wp\/v2\/media\/16629"}],"wp:attachment":[{"href":"https:\/\/www.arantzagorostidi.com\/es\/wp-json\/wp\/v2\/media?parent=16628"}],"wp:term":[{"taxonomy":"product_cat","embeddable":true,"href":"https:\/\/www.arantzagorostidi.com\/es\/wp-json\/wp\/v2\/product_cat?post=16628"},{"taxonomy":"product_tag","embeddable":true,"href":"https:\/\/www.arantzagorostidi.com\/es\/wp-json\/wp\/v2\/product_tag?post=16628"}],"curies":[{"name":"wp","href":"https:\/\/api.w.org\/{rel}","templated":true}]}}