{"id":16606,"date":"2015-07-17T12:21:41","date_gmt":"2015-07-17T12:21:41","guid":{"rendered":"http:\/\/joyasag.ibd.es\/?post_type=product&#038;p=16606"},"modified":"2018-03-19T17:36:00","modified_gmt":"2018-03-19T16:36:00","slug":"collar-petalo","status":"publish","type":"product","link":"https:\/\/www.arantzagorostidi.com\/es\/product\/collar-petalo\/","title":{"rendered":"Collar P\u00e9talos de Flor"},"content":{"rendered":"","protected":false},"excerpt":{"rendered":"<p><strong>Te dar\u00e1 un aire ex\u00f3tico y elegante.<\/strong><\/p>\n<p>Descripci\u00f3n: Plata 925. Peso 18 grs. Largo 68 cms. Posibilidad de reducir el largo a tama\u00f1o gargantilla. Anchura del eslab\u00f3n 6 mm.<\/p>\n","protected":false},"featured_media":16607,"comment_status":"open","ping_status":"closed","template":"","meta":[],"product_cat":[7,17,19,35],"product_tag":[],"_links":{"self":[{"href":"https:\/\/www.arantzagorostidi.com\/es\/wp-json\/wp\/v2\/product\/16606"}],"collection":[{"href":"https:\/\/www.arantzagorostidi.com\/es\/wp-json\/wp\/v2\/product"}],"about":[{"href":"https:\/\/www.arantzagorostidi.com\/es\/wp-json\/wp\/v2\/types\/product"}],"replies":[{"embeddable":true,"href":"https:\/\/www.arantzagorostidi.com\/es\/wp-json\/wp\/v2\/comments?post=16606"}],"wp:featuredmedia":[{"embeddable":true,"href":"https:\/\/www.arantzagorostidi.com\/es\/wp-json\/wp\/v2\/media\/16607"}],"wp:attachment":[{"href":"https:\/\/www.arantzagorostidi.com\/es\/wp-json\/wp\/v2\/media?parent=16606"}],"wp:term":[{"taxonomy":"product_cat","embeddable":true,"href":"https:\/\/www.arantzagorostidi.com\/es\/wp-json\/wp\/v2\/product_cat?post=16606"},{"taxonomy":"product_tag","embeddable":true,"href":"https:\/\/www.arantzagorostidi.com\/es\/wp-json\/wp\/v2\/product_tag?post=16606"}],"curies":[{"name":"wp","href":"https:\/\/api.w.org\/{rel}","templated":true}]}}