{"id":16604,"date":"2015-07-17T12:17:45","date_gmt":"2015-07-17T10:17:45","guid":{"rendered":"http:\/\/joyasag.ibd.es\/?post_type=product&#038;p=16604"},"modified":"2021-03-03T12:11:13","modified_gmt":"2021-03-03T11:11:13","slug":"pendientes-petalos","status":"publish","type":"product","link":"https:\/\/www.arantzagorostidi.com\/es\/product\/pendientes-petalos\/","title":{"rendered":"Pendientes P\u00e9talos de Flor"},"content":{"rendered":"","protected":false},"excerpt":{"rendered":"<p><strong>Te dar\u00e1n un aire ex\u00f3tico y elegante.<\/strong><\/p>\n<p>Descripci\u00f3n: Plata 925. Peso 2.2 grs cada uno. Largo 7,8 cms. Anchura del eslab\u00f3n 6 mm.<\/p>\n","protected":false},"featured_media":16602,"comment_status":"open","ping_status":"closed","template":"","meta":[],"product_cat":[6,17,19,35],"product_tag":[],"_links":{"self":[{"href":"https:\/\/www.arantzagorostidi.com\/es\/wp-json\/wp\/v2\/product\/16604"}],"collection":[{"href":"https:\/\/www.arantzagorostidi.com\/es\/wp-json\/wp\/v2\/product"}],"about":[{"href":"https:\/\/www.arantzagorostidi.com\/es\/wp-json\/wp\/v2\/types\/product"}],"replies":[{"embeddable":true,"href":"https:\/\/www.arantzagorostidi.com\/es\/wp-json\/wp\/v2\/comments?post=16604"}],"wp:featuredmedia":[{"embeddable":true,"href":"https:\/\/www.arantzagorostidi.com\/es\/wp-json\/wp\/v2\/media\/16602"}],"wp:attachment":[{"href":"https:\/\/www.arantzagorostidi.com\/es\/wp-json\/wp\/v2\/media?parent=16604"}],"wp:term":[{"taxonomy":"product_cat","embeddable":true,"href":"https:\/\/www.arantzagorostidi.com\/es\/wp-json\/wp\/v2\/product_cat?post=16604"},{"taxonomy":"product_tag","embeddable":true,"href":"https:\/\/www.arantzagorostidi.com\/es\/wp-json\/wp\/v2\/product_tag?post=16604"}],"curies":[{"name":"wp","href":"https:\/\/api.w.org\/{rel}","templated":true}]}}