{"id":16595,"date":"2015-07-17T11:43:44","date_gmt":"2015-07-17T09:43:44","guid":{"rendered":"http:\/\/joyasag.ibd.es\/?post_type=product&#038;p=16595"},"modified":"2020-12-03T10:26:27","modified_gmt":"2020-12-03T09:26:27","slug":"anillo-persia","status":"publish","type":"product","link":"https:\/\/www.arantzagorostidi.com\/es\/product\/anillo-persia\/","title":{"rendered":"Anillo Persia"},"content":{"rendered":"","protected":false},"excerpt":{"rendered":"<p><strong>Distinci\u00f3n cl\u00e1sica y elegancia en tu mano.<\/strong><\/p>\n<p>Descripci\u00f3n: Plata 925. Calcita iran\u00ed talla cabuj\u00f3n. Peso 6.7 grs. Talla 19\/20. Ancho 2.3 cms. Largo 3 cms. Alto 1.5 cms.<\/p>\n","protected":false},"featured_media":19440,"comment_status":"open","ping_status":"closed","template":"","meta":[],"product_cat":[8,17,20,39],"product_tag":[],"_links":{"self":[{"href":"https:\/\/www.arantzagorostidi.com\/es\/wp-json\/wp\/v2\/product\/16595"}],"collection":[{"href":"https:\/\/www.arantzagorostidi.com\/es\/wp-json\/wp\/v2\/product"}],"about":[{"href":"https:\/\/www.arantzagorostidi.com\/es\/wp-json\/wp\/v2\/types\/product"}],"replies":[{"embeddable":true,"href":"https:\/\/www.arantzagorostidi.com\/es\/wp-json\/wp\/v2\/comments?post=16595"}],"wp:featuredmedia":[{"embeddable":true,"href":"https:\/\/www.arantzagorostidi.com\/es\/wp-json\/wp\/v2\/media\/19440"}],"wp:attachment":[{"href":"https:\/\/www.arantzagorostidi.com\/es\/wp-json\/wp\/v2\/media?parent=16595"}],"wp:term":[{"taxonomy":"product_cat","embeddable":true,"href":"https:\/\/www.arantzagorostidi.com\/es\/wp-json\/wp\/v2\/product_cat?post=16595"},{"taxonomy":"product_tag","embeddable":true,"href":"https:\/\/www.arantzagorostidi.com\/es\/wp-json\/wp\/v2\/product_tag?post=16595"}],"curies":[{"name":"wp","href":"https:\/\/api.w.org\/{rel}","templated":true}]}}