{"id":16588,"date":"2015-07-17T11:14:34","date_gmt":"2015-07-17T09:14:34","guid":{"rendered":"http:\/\/joyasag.ibd.es\/?post_type=product&#038;p=16588"},"modified":"2020-12-03T10:25:09","modified_gmt":"2020-12-03T09:25:09","slug":"pendientes-persia","status":"publish","type":"product","link":"https:\/\/www.arantzagorostidi.com\/es\/product\/pendientes-persia\/","title":{"rendered":"Pendientes Persia"},"content":{"rendered":"","protected":false},"excerpt":{"rendered":"<p><strong>Realzan la belleza de tu rostro.<\/strong><\/p>\n<p>Descripci\u00f3n: Plata 925. Calcitas iran\u00edes, talla cabuj\u00f3n. Peso 7.3 grs cada. Largo 9 cms. Ancho m\u00e1ximo 2.5 cms. Alto 1.6 cms.<\/p>\n","protected":false},"featured_media":19015,"comment_status":"open","ping_status":"closed","template":"","meta":[],"product_cat":[6,17,20,39],"product_tag":[],"_links":{"self":[{"href":"https:\/\/www.arantzagorostidi.com\/es\/wp-json\/wp\/v2\/product\/16588"}],"collection":[{"href":"https:\/\/www.arantzagorostidi.com\/es\/wp-json\/wp\/v2\/product"}],"about":[{"href":"https:\/\/www.arantzagorostidi.com\/es\/wp-json\/wp\/v2\/types\/product"}],"replies":[{"embeddable":true,"href":"https:\/\/www.arantzagorostidi.com\/es\/wp-json\/wp\/v2\/comments?post=16588"}],"wp:featuredmedia":[{"embeddable":true,"href":"https:\/\/www.arantzagorostidi.com\/es\/wp-json\/wp\/v2\/media\/19015"}],"wp:attachment":[{"href":"https:\/\/www.arantzagorostidi.com\/es\/wp-json\/wp\/v2\/media?parent=16588"}],"wp:term":[{"taxonomy":"product_cat","embeddable":true,"href":"https:\/\/www.arantzagorostidi.com\/es\/wp-json\/wp\/v2\/product_cat?post=16588"},{"taxonomy":"product_tag","embeddable":true,"href":"https:\/\/www.arantzagorostidi.com\/es\/wp-json\/wp\/v2\/product_tag?post=16588"}],"curies":[{"name":"wp","href":"https:\/\/api.w.org\/{rel}","templated":true}]}}