{"id":16577,"date":"2015-07-17T10:03:05","date_gmt":"2015-07-17T08:03:05","guid":{"rendered":"http:\/\/joyasag.ibd.es\/?post_type=product&#038;p=16577"},"modified":"2020-12-03T10:39:46","modified_gmt":"2020-12-03T09:39:46","slug":"anillo-orquidea","status":"publish","type":"product","link":"https:\/\/www.arantzagorostidi.com\/es\/product\/anillo-orquidea\/","title":{"rendered":"Anillo Orquideas"},"content":{"rendered":"","protected":false},"excerpt":{"rendered":"<p><strong>Verdadero dise\u00f1o en tu mano.<\/strong><\/p>\n<p>La s\u00edntesis en l\u00edneas asim\u00e9tricas de las complejas formas de las orqu\u00eddeas ha dado como resultado este conjunto.<\/p>\n<p>Descripci\u00f3n: Plata 925. Peso 8 grs. Talla 18\/19. Ancho 2, 4 cms. Largo 2,5 cms.<\/p>\n","protected":false},"featured_media":16578,"comment_status":"open","ping_status":"closed","template":"","meta":[],"product_cat":[8,17,19,34],"product_tag":[],"_links":{"self":[{"href":"https:\/\/www.arantzagorostidi.com\/es\/wp-json\/wp\/v2\/product\/16577"}],"collection":[{"href":"https:\/\/www.arantzagorostidi.com\/es\/wp-json\/wp\/v2\/product"}],"about":[{"href":"https:\/\/www.arantzagorostidi.com\/es\/wp-json\/wp\/v2\/types\/product"}],"replies":[{"embeddable":true,"href":"https:\/\/www.arantzagorostidi.com\/es\/wp-json\/wp\/v2\/comments?post=16577"}],"wp:featuredmedia":[{"embeddable":true,"href":"https:\/\/www.arantzagorostidi.com\/es\/wp-json\/wp\/v2\/media\/16578"}],"wp:attachment":[{"href":"https:\/\/www.arantzagorostidi.com\/es\/wp-json\/wp\/v2\/media?parent=16577"}],"wp:term":[{"taxonomy":"product_cat","embeddable":true,"href":"https:\/\/www.arantzagorostidi.com\/es\/wp-json\/wp\/v2\/product_cat?post=16577"},{"taxonomy":"product_tag","embeddable":true,"href":"https:\/\/www.arantzagorostidi.com\/es\/wp-json\/wp\/v2\/product_tag?post=16577"}],"curies":[{"name":"wp","href":"https:\/\/api.w.org\/{rel}","templated":true}]}}