{"id":16561,"date":"2015-07-16T11:53:20","date_gmt":"2015-07-16T09:53:20","guid":{"rendered":"http:\/\/joyasag.ibd.es\/?post_type=product&#038;p=16561"},"modified":"2021-03-03T12:08:59","modified_gmt":"2021-03-03T11:08:59","slug":"anillo-gorostidi","status":"publish","type":"product","link":"https:\/\/www.arantzagorostidi.com\/es\/product\/anillo-gorostidi\/","title":{"rendered":"Anillo Gorostidi"},"content":{"rendered":"","protected":false},"excerpt":{"rendered":"<p><strong>Un toque de magia en tu mano.<\/strong><\/p>\n<p><em>Gorostidi<\/em>, en euskera bosque de acebos, peque\u00f1os \u00e1rboles de hojas relucientes colmados de frutos rojos al abrigo de grandes hayas, un paisaje m\u00edtico en la imaginaci\u00f3n. Esta colecci\u00f3n rescata los elementos de este paisaje para acercarlo a la vida cotidiana. Es el nombre que preside todas mis creaciones.<\/p>\n<p>Descripci\u00f3n: Plata 925 y rub\u00ed estrella. Peso 6.5 grs. Talla 19\/20 Anchura m\u00e1xima 6 mm. Largo 20 mm.<\/p>\n","protected":false},"featured_media":16566,"comment_status":"open","ping_status":"closed","template":"","meta":[],"product_cat":[8,17,18,33],"product_tag":[],"_links":{"self":[{"href":"https:\/\/www.arantzagorostidi.com\/es\/wp-json\/wp\/v2\/product\/16561"}],"collection":[{"href":"https:\/\/www.arantzagorostidi.com\/es\/wp-json\/wp\/v2\/product"}],"about":[{"href":"https:\/\/www.arantzagorostidi.com\/es\/wp-json\/wp\/v2\/types\/product"}],"replies":[{"embeddable":true,"href":"https:\/\/www.arantzagorostidi.com\/es\/wp-json\/wp\/v2\/comments?post=16561"}],"wp:featuredmedia":[{"embeddable":true,"href":"https:\/\/www.arantzagorostidi.com\/es\/wp-json\/wp\/v2\/media\/16566"}],"wp:attachment":[{"href":"https:\/\/www.arantzagorostidi.com\/es\/wp-json\/wp\/v2\/media?parent=16561"}],"wp:term":[{"taxonomy":"product_cat","embeddable":true,"href":"https:\/\/www.arantzagorostidi.com\/es\/wp-json\/wp\/v2\/product_cat?post=16561"},{"taxonomy":"product_tag","embeddable":true,"href":"https:\/\/www.arantzagorostidi.com\/es\/wp-json\/wp\/v2\/product_tag?post=16561"}],"curies":[{"name":"wp","href":"https:\/\/api.w.org\/{rel}","templated":true}]}}