{"id":18314,"date":"2015-09-10T18:10:14","date_gmt":"2015-09-10T16:10:14","guid":{"rendered":"http:\/\/joyasag.ibd.es\/?page_id=18314"},"modified":"2015-09-22T10:23:53","modified_gmt":"2015-09-22T08:23:53","slug":"aviso-legal-2","status":"publish","type":"page","link":"https:\/\/www.arantzagorostidi.com\/es\/aviso-legal-2\/","title":{"rendered":"Aviso Legal"},"content":{"rendered":"<h2>CONDICIONES DE USO DE LA WEB<\/h2>\n<p>Mediante esta p\u00e1gina Web se facilita el acceso al portal Web de Arantza Gorostidi El hecho de conectarse a esta p\u00e1gina web implica la aceptaci\u00f3n del presente Aviso Legal.<\/p>\n<h2>PROPIEDAD INTELECTUAL E INDUSTRIAL<\/h2>\n<p>Todos los contenidos del Portal, entendiendo por estos a t\u00edtulo meramente enunciativo los textos, fotograf\u00edas, gr\u00e1ficos, im\u00e1genes, iconos, tecnolog\u00eda, software, links y dem\u00e1s contenidos, as\u00ed como su dise\u00f1o gr\u00e1fico y c\u00f3digos fuente son propiedad intelectual de nuestra compa\u00f1\u00eda, sin que puedan entenderse cedidos al Usuario ninguno de los derechos de explotaci\u00f3n sobre los mismos m\u00e1s all\u00e1 de lo estrictamente necesario para el correcto uso del Portal.<br \/>\nEstos derechos est\u00e1n registrados en el Registro de la Propiedad Intelectual.<\/p>\n<h2>IDENTIFICACI\u00d3N DE LA EMPRESA. DATOS REGISTRALES<\/h2>\n<p>En cumplimiento a la Ley 34\/2002, de 11 de julio, de servicios de la sociedad de la informaci\u00f3n y de comercio electr\u00f3nico, indicamos los datos de informaci\u00f3n general de este sitio Web:<br \/>\nTitular: ARANTZA GOROSTIDI, NIF\/CIF 15951707B, EMAIL: info@arantzagorostidi.com TELEFONO: +34652759670 +335(0)559203208<\/p>\n<h2>EXCLUSI\u00d3N DE RESPONSABILIDAD<\/h2>\n<p>Arantza Gorostidi no se responsabiliza del da\u00f1o que se pudiera derivar por un incorrecto uso de esta web o a alguno de los portales que aparezcan como hiperv\u00ednculos en nuestra web. Respecto los links o hiperenlaces declinamos toda responsabilidad por aquellos que remitan a nuestra p\u00e1gina web y en el caso de aquellos que aparezcan en nuestra p\u00e1gina la conexi\u00f3n lo har\u00e1n a t\u00edtulo informativo.<\/p>\n<h2>LEY APLICABLE Y JURISDICCI\u00d3N<\/h2>\n<p>Para cualquier controversia relacionada con el presente aviso legal las partes aceptan se someten a la jurisdicci\u00f3n espa\u00f1ola.<\/p>\n","protected":false},"excerpt":{"rendered":"<p>CONDICIONES DE USO DE LA WEB Mediante esta p\u00e1gina Web se facilita el acceso al&#8230;<\/p>\n","protected":false},"author":1,"featured_media":0,"parent":0,"menu_order":0,"comment_status":"closed","ping_status":"closed","template":"","meta":[],"_links":{"self":[{"href":"https:\/\/www.arantzagorostidi.com\/es\/wp-json\/wp\/v2\/pages\/18314"}],"collection":[{"href":"https:\/\/www.arantzagorostidi.com\/es\/wp-json\/wp\/v2\/pages"}],"about":[{"href":"https:\/\/www.arantzagorostidi.com\/es\/wp-json\/wp\/v2\/types\/page"}],"author":[{"embeddable":true,"href":"https:\/\/www.arantzagorostidi.com\/es\/wp-json\/wp\/v2\/users\/1"}],"replies":[{"embeddable":true,"href":"https:\/\/www.arantzagorostidi.com\/es\/wp-json\/wp\/v2\/comments?post=18314"}],"version-history":[{"count":3,"href":"https:\/\/www.arantzagorostidi.com\/es\/wp-json\/wp\/v2\/pages\/18314\/revisions"}],"predecessor-version":[{"id":18591,"href":"https:\/\/www.arantzagorostidi.com\/es\/wp-json\/wp\/v2\/pages\/18314\/revisions\/18591"}],"wp:attachment":[{"href":"https:\/\/www.arantzagorostidi.com\/es\/wp-json\/wp\/v2\/media?parent=18314"}],"curies":[{"name":"wp","href":"https:\/\/api.w.org\/{rel}","templated":true}]}}