{"id":16697,"date":"2015-07-29T12:30:24","date_gmt":"2015-07-29T10:30:24","guid":{"rendered":"http:\/\/joyasag.ibd.es\/?page_id=16697"},"modified":"2015-09-22T12:33:56","modified_gmt":"2015-09-22T10:33:56","slug":"politica-de-privacidad","status":"publish","type":"page","link":"https:\/\/www.arantzagorostidi.com\/es\/politica-de-privacidad\/","title":{"rendered":"Pol\u00edtica de Privacidad"},"content":{"rendered":"<h2>POL\u00cdTICA DE PRIVACIDAD CONTACTO Y NEWSLETTER<\/h2>\n<p>Los datos que se facilitan por el formulario pasar\u00e1n a formar parte de un fichero responsabilidad de Arantza Gorostidi con la finalidad de gestionar la relaci\u00f3n o realizar labores comerciales y publicitarias en nuestras newsletters en su caso. El usuario tiene derecho respecto a sus datos al acceso, cancelaci\u00f3n, rectificaci\u00f3n o modificaci\u00f3n de los mismos en el e-mail indicado o en el domicilio se\u00f1alado.<\/p>\n<p>El usuario puede darse de baja en cualquier momento en el e-mail <a href=\"mailto:info@arantzagorostidi.com\"><u>info@arantzagorostidi.com<\/u><\/a><\/p>\n","protected":false},"excerpt":{"rendered":"<p>POL\u00cdTICA DE PRIVACIDAD CONTACTO Y NEWSLETTER Los datos que se facilitan por el formulario pasar\u00e1n&#8230;<\/p>\n","protected":false},"author":1,"featured_media":0,"parent":0,"menu_order":0,"comment_status":"open","ping_status":"open","template":"","meta":[],"_links":{"self":[{"href":"https:\/\/www.arantzagorostidi.com\/es\/wp-json\/wp\/v2\/pages\/16697"}],"collection":[{"href":"https:\/\/www.arantzagorostidi.com\/es\/wp-json\/wp\/v2\/pages"}],"about":[{"href":"https:\/\/www.arantzagorostidi.com\/es\/wp-json\/wp\/v2\/types\/page"}],"author":[{"embeddable":true,"href":"https:\/\/www.arantzagorostidi.com\/es\/wp-json\/wp\/v2\/users\/1"}],"replies":[{"embeddable":true,"href":"https:\/\/www.arantzagorostidi.com\/es\/wp-json\/wp\/v2\/comments?post=16697"}],"version-history":[{"count":5,"href":"https:\/\/www.arantzagorostidi.com\/es\/wp-json\/wp\/v2\/pages\/16697\/revisions"}],"predecessor-version":[{"id":18611,"href":"https:\/\/www.arantzagorostidi.com\/es\/wp-json\/wp\/v2\/pages\/16697\/revisions\/18611"}],"wp:attachment":[{"href":"https:\/\/www.arantzagorostidi.com\/es\/wp-json\/wp\/v2\/media?parent=16697"}],"curies":[{"name":"wp","href":"https:\/\/api.w.org\/{rel}","templated":true}]}}