{"id":16620,"date":"2015-07-20T09:44:33","date_gmt":"2015-07-20T09:44:33","guid":{"rendered":"http:\/\/joyasag.ibd.es\/?page_id=16620"},"modified":"2021-03-01T10:22:04","modified_gmt":"2021-03-01T09:22:04","slug":"a-medida","status":"publish","type":"page","link":"https:\/\/www.arantzagorostidi.com\/es\/a-medida\/","title":{"rendered":"A medida"},"content":{"rendered":"<p><a href=\"https:\/\/www.arantzagorostidi.com\/wp-content\/uploads\/2015\/07\/a_medida.png\"><img decoding=\"async\" loading=\"lazy\" class=\"alignnone wp-image-18420 size-medium\" style=\"float: right;\" src=\"https:\/\/www.arantzagorostidi.com\/wp-content\/uploads\/2015\/07\/a_medida-300x225.png\" alt=\"\" width=\"300\" height=\"225\" srcset=\"https:\/\/www.arantzagorostidi.com\/wp-content\/uploads\/2015\/07\/a_medida.png 300w, https:\/\/www.arantzagorostidi.com\/wp-content\/uploads\/2015\/07\/a_medida-149x112.png 149w\" sizes=\"(max-width: 300px) 100vw, 300px\" \/><\/a><br \/>Si no encuentras esa joya que esta en tu imaginaci\u00f3n, si tienes una piedra preciosa que quieres convertir en joya y adornarte con ella\u2026 no tienes mas que contactar conmigo y describirme la joya que quieres hasta que lleguemos a concebir el dise\u00f1o final y acordar los plazos de realizaci\u00f3n y entrega. Tu joya ser\u00e1 fabricada en mi taller exclusivamente para ti para convertirse en la joya de tus sue\u00f1os.<\/p>\n\n\n<p><\/p>\n","protected":false},"excerpt":{"rendered":"<p>Si no encuentras esa joya que esta en tu imaginaci\u00f3n, si tienes una piedra preciosa&#8230;<\/p>\n","protected":false},"author":1,"featured_media":0,"parent":0,"menu_order":0,"comment_status":"open","ping_status":"open","template":"","meta":[],"_links":{"self":[{"href":"https:\/\/www.arantzagorostidi.com\/es\/wp-json\/wp\/v2\/pages\/16620"}],"collection":[{"href":"https:\/\/www.arantzagorostidi.com\/es\/wp-json\/wp\/v2\/pages"}],"about":[{"href":"https:\/\/www.arantzagorostidi.com\/es\/wp-json\/wp\/v2\/types\/page"}],"author":[{"embeddable":true,"href":"https:\/\/www.arantzagorostidi.com\/es\/wp-json\/wp\/v2\/users\/1"}],"replies":[{"embeddable":true,"href":"https:\/\/www.arantzagorostidi.com\/es\/wp-json\/wp\/v2\/comments?post=16620"}],"version-history":[{"count":9,"href":"https:\/\/www.arantzagorostidi.com\/es\/wp-json\/wp\/v2\/pages\/16620\/revisions"}],"predecessor-version":[{"id":19609,"href":"https:\/\/www.arantzagorostidi.com\/es\/wp-json\/wp\/v2\/pages\/16620\/revisions\/19609"}],"wp:attachment":[{"href":"https:\/\/www.arantzagorostidi.com\/es\/wp-json\/wp\/v2\/media?parent=16620"}],"curies":[{"name":"wp","href":"https:\/\/api.w.org\/{rel}","templated":true}]}}