{"id":16616,"date":"2015-07-20T09:41:08","date_gmt":"2015-07-20T09:41:08","guid":{"rendered":"http:\/\/joyasag.ibd.es\/?page_id=16616"},"modified":"2018-04-23T10:16:08","modified_gmt":"2018-04-23T08:16:08","slug":"para-quien","status":"publish","type":"page","link":"https:\/\/www.arantzagorostidi.com\/es\/para-quien\/","title":{"rendered":"\u00bfPara quien?"},"content":{"rendered":"<p><a href=\"https:\/\/www.arantzagorostidi.com\/wp-content\/uploads\/2018\/04\/arantza_gorostidi.jpg\"><img decoding=\"async\" loading=\"lazy\" class=\"alignnone wp-image-19036\" style=\"float: right;\" src=\"https:\/\/www.arantzagorostidi.com\/wp-content\/uploads\/2018\/04\/arantza_gorostidi-223x300.jpg\" alt=\"\" width=\"370\" height=\"498\" srcset=\"https:\/\/www.arantzagorostidi.com\/wp-content\/uploads\/2018\/04\/arantza_gorostidi-223x300.jpg 223w, https:\/\/www.arantzagorostidi.com\/wp-content\/uploads\/2018\/04\/arantza_gorostidi-147x198.jpg 147w, https:\/\/www.arantzagorostidi.com\/wp-content\/uploads\/2018\/04\/arantza_gorostidi.jpg 370w\" sizes=\"(max-width: 370px) 100vw, 370px\" \/><\/a><\/p>\n<p>Se dirigen a mujeres con gusto por el arte y el dise\u00f1o contempor\u00e1neo, de manera que esperan tener joyas diferentes a las de las generaciones anteriores, acorde con las formas de vestir, trabajar, y en general, de estar presentes en la vida publica en el momento actual.<\/p>\n<p>Mujeres que est\u00e9n \u201con\u201d sobre las tendencias art\u00edsticas actuales, principalmente en el campo de la moda y las artes pl\u00e1sticas, se sentir\u00e1n familiarizadas y atra\u00eddas por estas joyas que se enmarcan dentro de las tendencias del panorama contempor\u00e1neo.<\/p>\n<p>Estas joyas quedan lejos de la ostentaci\u00f3n y el lujo, salvo peticiones expresas o grandes ocasiones, est\u00e1n dirigidas a aportar un toque de distinci\u00f3n y singularidad m\u00e1s que a llamar la atenci\u00f3n de forma desproporcionada dentro del conjunto.<\/p>\n<p>Se dirigen a clientas que valoren la adquisici\u00f3n de verdaderas joyas, diferentes, \u00fanicas,\u2026por un precio tan solo un poco mas elevado que el precio medio de los complementos de bisuter\u00eda o las fabricaciones industriales de gran tirada.<\/p>\n<p>Ocupan el espacio que queda entre la joyer\u00eda cl\u00e1sica convencional y la alta bisuter\u00eda, se trata de piezas \u00fanicas elaboradas con materiales nobles: plata, oro y verdaderas piedras preciosas, joyas fabricadas a mano, con dise\u00f1os contempor\u00e1neos, de alta calidad en acabados y con posible personalizaci\u00f3n de los dise\u00f1os b\u00e1sicos. Para mujeres que no quieren sacrificar la calidad de una verdadera joya en nombre del dise\u00f1o moderno.<\/p>\n","protected":false},"excerpt":{"rendered":"<p>Se dirigen a mujeres con gusto por el arte y el dise\u00f1o contempor\u00e1neo, de manera&#8230;<\/p>\n","protected":false},"author":1,"featured_media":0,"parent":0,"menu_order":0,"comment_status":"open","ping_status":"open","template":"","meta":[],"_links":{"self":[{"href":"https:\/\/www.arantzagorostidi.com\/es\/wp-json\/wp\/v2\/pages\/16616"}],"collection":[{"href":"https:\/\/www.arantzagorostidi.com\/es\/wp-json\/wp\/v2\/pages"}],"about":[{"href":"https:\/\/www.arantzagorostidi.com\/es\/wp-json\/wp\/v2\/types\/page"}],"author":[{"embeddable":true,"href":"https:\/\/www.arantzagorostidi.com\/es\/wp-json\/wp\/v2\/users\/1"}],"replies":[{"embeddable":true,"href":"https:\/\/www.arantzagorostidi.com\/es\/wp-json\/wp\/v2\/comments?post=16616"}],"version-history":[{"count":7,"href":"https:\/\/www.arantzagorostidi.com\/es\/wp-json\/wp\/v2\/pages\/16616\/revisions"}],"predecessor-version":[{"id":19418,"href":"https:\/\/www.arantzagorostidi.com\/es\/wp-json\/wp\/v2\/pages\/16616\/revisions\/19418"}],"wp:attachment":[{"href":"https:\/\/www.arantzagorostidi.com\/es\/wp-json\/wp\/v2\/media?parent=16616"}],"curies":[{"name":"wp","href":"https:\/\/api.w.org\/{rel}","templated":true}]}}